{"id":2059,"date":"2025-04-20T13:13:19","date_gmt":"2025-04-20T13:13:19","guid":{"rendered":"https:\/\/bakuclimateactionweek.org\/Az\/?page_id=2059"},"modified":"2025-10-09T02:56:26","modified_gmt":"2025-10-09T07:56:26","slug":"programme","status":"publish","type":"page","link":"https:\/\/bakuclimateactionweek.org\/Az\/bcaw2024\/programme\/","title":{"rendered":"Proqram"},"content":{"rendered":"\t\t<div data-elementor-type=\"wp-page\" data-elementor-id=\"2059\" class=\"elementor elementor-2059\" data-elementor-post-type=\"page\">\n\t\t\t\t<div class=\"elementor-element elementor-element-74be671 e-con-full MaxH e-flex e-con e-parent\" data-id=\"74be671\" data-element_type=\"container\" id=\"MaxH\" data-settings=\"{&quot;background_background&quot;:&quot;classic&quot;}\">\n\t\t\t\t<div class=\"elementor-element elementor-element-6cb7ab6 MaxH elementor-widget elementor-widget-heading\" data-id=\"6cb7ab6\" data-element_type=\"widget\" data-widget_type=\"heading.default\">\n\t\t\t\t<div class=\"elementor-widget-container\">\n\t\t\t\t\t<h1 class=\"elementor-heading-title elementor-size-default\">Proqram<\/h1>\t\t\t\t<\/div>\n\t\t\t\t<\/div>\n\t\t\t\t<\/div>\n\t\t<div class=\"elementor-element elementor-element-49f97c0 e-flex e-con-boxed e-con e-parent\" data-id=\"49f97c0\" data-element_type=\"container\">\n\t\t\t\t\t<div class=\"e-con-inner\">\n\t\t<div class=\"elementor-element elementor-element-58c2ba8 e-con-full e-flex e-con e-child\" data-id=\"58c2ba8\" data-element_type=\"container\">\n\t\t\t\t<div class=\"elementor-element elementor-element-7a81fd8 elementor-widget__width-inherit elementor-widget elementor-widget-spacer\" data-id=\"7a81fd8\" data-element_type=\"widget\" data-widget_type=\"spacer.default\">\n\t\t\t\t<div class=\"elementor-widget-container\">\n\t\t\t\t\t\t\t<div class=\"elementor-spacer\">\n\t\t\t<div class=\"elementor-spacer-inner\"><\/div>\n\t\t<\/div>\n\t\t\t\t\t\t<\/div>\n\t\t\t\t<\/div>\n\t\t\t\t<\/div>\n\t\t\t\t\t<\/div>\n\t\t\t\t<\/div>\n\t\t<div class=\"elementor-element elementor-element-7b869e9 e-flex e-con-boxed e-con e-parent\" data-id=\"7b869e9\" data-element_type=\"container\">\n\t\t\t\t\t<div class=\"e-con-inner\">\n\t\t\t\t<div class=\"elementor-element elementor-element-e08ffc1 elementor-widget elementor-widget-heading\" data-id=\"e08ffc1\" data-element_type=\"widget\" data-widget_type=\"heading.default\">\n\t\t\t\t<div class=\"elementor-widget-container\">\n\t\t\t\t\t<h2 class=\"elementor-heading-title elementor-size-default\">Bak\u0131 \u0130qlim F\u0259aliyy\u0259ti H\u0259ft\u0259sinin (30 sentyabr \u2013 4 oktyabr 2024) Proqram s\u0259hif\u0259sin\u0259 xo\u015f g\u0259lmisiniz!<\/h2>\t\t\t\t<\/div>\n\t\t\t\t<\/div>\n\t\t\t\t\t<\/div>\n\t\t\t\t<\/div>\n\t\t<div class=\"elementor-element elementor-element-90d8104 e-flex e-con-boxed e-con e-parent\" data-id=\"90d8104\" data-element_type=\"container\">\n\t\t\t\t\t<div class=\"e-con-inner\">\n\t\t\t\t<div class=\"elementor-element elementor-element-a99ec51 elementor-widget elementor-widget-text-editor\" data-id=\"a99ec51\" data-element_type=\"widget\" data-widget_type=\"text-editor.default\">\n\t\t\t\t<div class=\"elementor-widget-container\">\n\t\t\t\t\t\t\t\t\t<p style=\"text-align: left;\">Burada h\u0259ft\u0259 \u0259rzind\u0259 ke\u00e7iril\u0259c\u0259k m\u00fcxt\u0259lif t\u0259dbirl\u0259rl\u0259 tan\u0131\u015f ola bil\u0259rsiniz.<\/p><p style=\"text-align: left;\">Konfranslar, d\u0259yirmi masalar, t\u0259liml\u0259r v\u0259 seminarlarla yana\u015f\u0131, Bak\u0131n\u0131n \u0259n m\u00f6ht\u0259\u015f\u0259m v\u0259 tarixi m\u0259kanlar\u0131nda ba\u015f tutacaq musiqi, inc\u0259s\u0259n\u0259t v\u0259 m\u0259d\u0259niyy\u0259t t\u0259dbirl\u0259ri sizi g\u00f6zl\u0259yir.<\/p><p style=\"text-align: left;\">H\u0259ft\u0259lik Proqram\u0131 se\u00e7diyiniz g\u00fcn v\u0259 m\u00f6vzulara uy\u011fun olaraq n\u0259z\u0259rd\u0259n ke\u00e7ir\u0259 bil\u0259rsiniz.<\/p><p style=\"text-align: left;\">Proqram m\u00fct\u0259madi olaraq yenil\u0259n\u0259c\u0259k, ona g\u00f6r\u0259 d\u0259 m\u00fcnt\u0259z\u0259m olaraq yoxlama\u011f\u0131 v\u0259 ya yenilikl\u0259r \u00fc\u00e7\u00fcn abun\u0259 olma\u011f\u0131 t\u00f6vsiy\u0259 edirik.<\/p>\t\t\t\t\t\t\t\t<\/div>\n\t\t\t\t<\/div>\n\t\t\t\t\t<\/div>\n\t\t\t\t<\/div>\n\t\t<div class=\"elementor-element elementor-element-be2106f e-flex e-con-boxed e-con e-parent\" data-id=\"be2106f\" data-element_type=\"container\">\n\t\t\t\t\t<div class=\"e-con-inner\">\n\t\t<div class=\"elementor-element elementor-element-44ef09e e-con-full e-flex e-con e-child\" data-id=\"44ef09e\" data-element_type=\"container\">\n\t\t\t\t<div class=\"elementor-element elementor-element-3fe31eb elementor-align-center elementor-widget__width-inherit elementor-widget elementor-widget-button\" data-id=\"3fe31eb\" data-element_type=\"widget\" data-widget_type=\"button.default\">\n\t\t\t\t<div class=\"elementor-widget-container\">\n\t\t\t\t\t\t\t\t\t<div class=\"elementor-button-wrapper\">\n\t\t\t\t\t<a class=\"elementor-button elementor-button-link elementor-size-sm\" href=\"https:\/\/bakuclimateactionweek.org\/Az\/wp-content\/uploads\/2025\/06\/1-10-24-BCAW-Programme-FIN.pdf\" target=\"_blank\">\n\t\t\t\t\t\t<span class=\"elementor-button-content-wrapper\">\n\t\t\t\t\t\t\t\t\t<span class=\"elementor-button-text\">Proqram\u0131 y\u00fckl\u0259yin<\/span>\n\t\t\t\t\t<\/span>\n\t\t\t\t\t<\/a>\n\t\t\t\t<\/div>\n\t\t\t\t\t\t\t\t<\/div>\n\t\t\t\t<\/div>\n\t\t\t\t<\/div>\n\t\t\t\t\t<\/div>\n\t\t\t\t<\/div>\n\t\t<div class=\"elementor-element elementor-element-6d8353a e-flex e-con-boxed e-con e-parent\" data-id=\"6d8353a\" data-element_type=\"container\">\n\t\t\t\t\t<div class=\"e-con-inner\">\n\t\t<div class=\"elementor-element elementor-element-5d9183e e-con-full e-flex e-con e-child\" data-id=\"5d9183e\" data-element_type=\"container\">\n\t\t\t\t<div class=\"elementor-element elementor-element-7c6ece9 elementor-widget__width-inherit elementor-widget elementor-widget-spacer\" data-id=\"7c6ece9\" data-element_type=\"widget\" data-widget_type=\"spacer.default\">\n\t\t\t\t<div class=\"elementor-widget-container\">\n\t\t\t\t\t\t\t<div class=\"elementor-spacer\">\n\t\t\t<div class=\"elementor-spacer-inner\"><\/div>\n\t\t<\/div>\n\t\t\t\t\t\t<\/div>\n\t\t\t\t<\/div>\n\t\t\t\t<\/div>\n\t\t\t\t\t<\/div>\n\t\t\t\t<\/div>\n\t\t<div class=\"elementor-element elementor-element-24df19f e-flex e-con-boxed e-con e-parent\" data-id=\"24df19f\" data-element_type=\"container\">\n\t\t\t\t\t<div class=\"e-con-inner\">\n\t\t\t\t<div class=\"elementor-element elementor-element-d1b12df elementor-widget-divider--view-line elementor-widget elementor-widget-divider\" data-id=\"d1b12df\" data-element_type=\"widget\" data-widget_type=\"divider.default\">\n\t\t\t\t<div class=\"elementor-widget-container\">\n\t\t\t\t\t\t\t<div class=\"elementor-divider\">\n\t\t\t<span class=\"elementor-divider-separator\">\n\t\t\t\t\t\t<\/span>\n\t\t<\/div>\n\t\t\t\t\t\t<\/div>\n\t\t\t\t<\/div>\n\t\t\t\t\t<\/div>\n\t\t\t\t<\/div>\n\t\t<div class=\"elementor-element elementor-element-de817a8 elementor-hidden-desktop elementor-hidden-tablet elementor-hidden-mobile e-flex e-con-boxed e-con e-parent\" data-id=\"de817a8\" data-element_type=\"container\">\n\t\t\t\t\t<div class=\"e-con-inner\">\n\t\t\t\t<div class=\"elementor-element elementor-element-e1e818d elementor-align-center elementor-widget__width-inherit elementor-widget elementor-widget-button\" data-id=\"e1e818d\" data-element_type=\"widget\" data-widget_type=\"button.default\">\n\t\t\t\t<div class=\"elementor-widget-container\">\n\t\t\t\t\t\t\t\t\t<div class=\"elementor-button-wrapper\">\n\t\t\t\t\t<a class=\"elementor-button elementor-button-link elementor-size-sm\" href=\"https:\/\/bakuclimateactionweek.org\/Az\/wp-content\/uploads\/2025\/04\/RCAW-Calendars.pdf\" target=\"_blank\">\n\t\t\t\t\t\t<span class=\"elementor-button-content-wrapper\">\n\t\t\t\t\t\t\t\t\t<span class=\"elementor-button-text\">Programme Calendar<\/span>\n\t\t\t\t\t<\/span>\n\t\t\t\t\t<\/a>\n\t\t\t\t<\/div>\n\t\t\t\t\t\t\t\t<\/div>\n\t\t\t\t<\/div>\n\t\t\t\t\t<\/div>\n\t\t\t\t<\/div>\n\t\t<div class=\"elementor-element elementor-element-7edb179 e-flex e-con-boxed e-con e-parent\" data-id=\"7edb179\" data-element_type=\"container\">\n\t\t\t\t\t<div class=\"e-con-inner\">\n\t\t\t\t<div class=\"elementor-element elementor-element-0322543 elementor-widget elementor-widget-spacer\" data-id=\"0322543\" data-element_type=\"widget\" data-widget_type=\"spacer.default\">\n\t\t\t\t<div class=\"elementor-widget-container\">\n\t\t\t\t\t\t\t<div class=\"elementor-spacer\">\n\t\t\t<div class=\"elementor-spacer-inner\"><\/div>\n\t\t<\/div>\n\t\t\t\t\t\t<\/div>\n\t\t\t\t<\/div>\n\t\t\t\t\t<\/div>\n\t\t\t\t<\/div>\n\t\t<div class=\"elementor-element elementor-element-0ca2714 elementor-hidden-desktop elementor-hidden-tablet elementor-hidden-mobile e-flex e-con-boxed e-con e-parent\" data-id=\"0ca2714\" data-element_type=\"container\">\n\t\t\t\t\t<div class=\"e-con-inner\">\n\t\t\t\t\t<\/div>\n\t\t\t\t<\/div>\n\t\t\t\t<\/div>\n\t\t","protected":false},"excerpt":{"rendered":"<p>Proqram Bak\u0131 \u0130qlim F\u0259aliyy\u0259ti H\u0259ft\u0259sinin (30 sentyabr \u2013 4 oktyabr 2024) Proqram s\u0259hif\u0259sin\u0259 xo\u015f g\u0259lmisiniz! Burada h\u0259ft\u0259 \u0259rzind\u0259 ke\u00e7iril\u0259c\u0259k m\u00fcxt\u0259lif t\u0259dbirl\u0259rl\u0259 tan\u0131\u015f ola bil\u0259rsiniz. Konfranslar, d\u0259yirmi masalar, t\u0259liml\u0259r v\u0259 seminarlarla [&hellip;]<\/p>\n","protected":false},"author":1,"featured_media":0,"parent":8135,"menu_order":0,"comment_status":"closed","ping_status":"closed","template":"","meta":{"footnotes":""},"class_list":["post-2059","page","type-page","status-publish","hentry"],"yoast_head":"<!-- This site is optimized with the Yoast SEO plugin v26.1.1 - https:\/\/yoast.com\/wordpress\/plugins\/seo\/ -->\n<title>Proqram - Baku<\/title>\n<meta name=\"robots\" content=\"index, follow, max-snippet:-1, max-image-preview:large, max-video-preview:-1\" \/>\n<link rel=\"canonical\" href=\"https:\/\/bakuclimateactionweek.org\/Az\/bcaw2024\/programme\/\" \/>\n<meta property=\"og:locale\" content=\"en_US\" \/>\n<meta property=\"og:type\" content=\"article\" \/>\n<meta property=\"og:title\" content=\"Proqram - Baku\" \/>\n<meta property=\"og:description\" content=\"Proqram Bak\u0131 \u0130qlim F\u0259aliyy\u0259ti H\u0259ft\u0259sinin (30 sentyabr \u2013 4 oktyabr 2024) Proqram s\u0259hif\u0259sin\u0259 xo\u015f g\u0259lmisiniz! Burada h\u0259ft\u0259 \u0259rzind\u0259 ke\u00e7iril\u0259c\u0259k m\u00fcxt\u0259lif t\u0259dbirl\u0259rl\u0259 tan\u0131\u015f ola bil\u0259rsiniz. Konfranslar, d\u0259yirmi masalar, t\u0259liml\u0259r v\u0259 seminarlarla [&hellip;]\" \/>\n<meta property=\"og:url\" content=\"https:\/\/bakuclimateactionweek.org\/Az\/bcaw2024\/programme\/\" \/>\n<meta property=\"og:site_name\" content=\"Baku\" \/>\n<meta property=\"article:modified_time\" content=\"2025-10-09T07:56:26+00:00\" \/>\n<meta name=\"twitter:card\" content=\"summary_large_image\" \/>\n<meta name=\"twitter:label1\" content=\"Est. reading time\" \/>\n\t<meta name=\"twitter:data1\" content=\"1 minute\" \/>\n<script type=\"application\/ld+json\" class=\"yoast-schema-graph\">{\"@context\":\"https:\/\/schema.org\",\"@graph\":[{\"@type\":\"WebPage\",\"@id\":\"https:\/\/bakuclimateactionweek.org\/Az\/bcaw2024\/programme\/\",\"url\":\"https:\/\/bakuclimateactionweek.org\/Az\/bcaw2024\/programme\/\",\"name\":\"Proqram - Baku\",\"isPartOf\":{\"@id\":\"https:\/\/bakuclimateactionweek.org\/Az\/#website\"},\"datePublished\":\"2025-04-20T13:13:19+00:00\",\"dateModified\":\"2025-10-09T07:56:26+00:00\",\"breadcrumb\":{\"@id\":\"https:\/\/bakuclimateactionweek.org\/Az\/bcaw2024\/programme\/#breadcrumb\"},\"inLanguage\":\"en-US\",\"potentialAction\":[{\"@type\":\"ReadAction\",\"target\":[\"https:\/\/bakuclimateactionweek.org\/Az\/bcaw2024\/programme\/\"]}]},{\"@type\":\"BreadcrumbList\",\"@id\":\"https:\/\/bakuclimateactionweek.org\/Az\/bcaw2024\/programme\/#breadcrumb\",\"itemListElement\":[{\"@type\":\"ListItem\",\"position\":1,\"name\":\"Home\",\"item\":\"https:\/\/bakuclimateactionweek.org\/Az\/\"},{\"@type\":\"ListItem\",\"position\":2,\"name\":\"BCAW 2024\",\"item\":\"https:\/\/bakuclimateactionweek.org\/Az\/bcaw2024\/\"},{\"@type\":\"ListItem\",\"position\":3,\"name\":\"Proqram\"}]},{\"@type\":\"WebSite\",\"@id\":\"https:\/\/bakuclimateactionweek.org\/Az\/#website\",\"url\":\"https:\/\/bakuclimateactionweek.org\/Az\/\",\"name\":\"Baku\",\"description\":\"Baku Climate Action Week\",\"potentialAction\":[{\"@type\":\"SearchAction\",\"target\":{\"@type\":\"EntryPoint\",\"urlTemplate\":\"https:\/\/bakuclimateactionweek.org\/Az\/?s={search_term_string}\"},\"query-input\":{\"@type\":\"PropertyValueSpecification\",\"valueRequired\":true,\"valueName\":\"search_term_string\"}}],\"inLanguage\":\"en-US\"}]}<\/script>\n<!-- \/ Yoast SEO plugin. -->","yoast_head_json":{"title":"Proqram - Baku","robots":{"index":"index","follow":"follow","max-snippet":"max-snippet:-1","max-image-preview":"max-image-preview:large","max-video-preview":"max-video-preview:-1"},"canonical":"https:\/\/bakuclimateactionweek.org\/Az\/bcaw2024\/programme\/","og_locale":"en_US","og_type":"article","og_title":"Proqram - Baku","og_description":"Proqram Bak\u0131 \u0130qlim F\u0259aliyy\u0259ti H\u0259ft\u0259sinin (30 sentyabr \u2013 4 oktyabr 2024) Proqram s\u0259hif\u0259sin\u0259 xo\u015f g\u0259lmisiniz! Burada h\u0259ft\u0259 \u0259rzind\u0259 ke\u00e7iril\u0259c\u0259k m\u00fcxt\u0259lif t\u0259dbirl\u0259rl\u0259 tan\u0131\u015f ola bil\u0259rsiniz. Konfranslar, d\u0259yirmi masalar, t\u0259liml\u0259r v\u0259 seminarlarla [&hellip;]","og_url":"https:\/\/bakuclimateactionweek.org\/Az\/bcaw2024\/programme\/","og_site_name":"Baku","article_modified_time":"2025-10-09T07:56:26+00:00","twitter_card":"summary_large_image","twitter_misc":{"Est. reading time":"1 minute"},"schema":{"@context":"https:\/\/schema.org","@graph":[{"@type":"WebPage","@id":"https:\/\/bakuclimateactionweek.org\/Az\/bcaw2024\/programme\/","url":"https:\/\/bakuclimateactionweek.org\/Az\/bcaw2024\/programme\/","name":"Proqram - Baku","isPartOf":{"@id":"https:\/\/bakuclimateactionweek.org\/Az\/#website"},"datePublished":"2025-04-20T13:13:19+00:00","dateModified":"2025-10-09T07:56:26+00:00","breadcrumb":{"@id":"https:\/\/bakuclimateactionweek.org\/Az\/bcaw2024\/programme\/#breadcrumb"},"inLanguage":"en-US","potentialAction":[{"@type":"ReadAction","target":["https:\/\/bakuclimateactionweek.org\/Az\/bcaw2024\/programme\/"]}]},{"@type":"BreadcrumbList","@id":"https:\/\/bakuclimateactionweek.org\/Az\/bcaw2024\/programme\/#breadcrumb","itemListElement":[{"@type":"ListItem","position":1,"name":"Home","item":"https:\/\/bakuclimateactionweek.org\/Az\/"},{"@type":"ListItem","position":2,"name":"BCAW 2024","item":"https:\/\/bakuclimateactionweek.org\/Az\/bcaw2024\/"},{"@type":"ListItem","position":3,"name":"Proqram"}]},{"@type":"WebSite","@id":"https:\/\/bakuclimateactionweek.org\/Az\/#website","url":"https:\/\/bakuclimateactionweek.org\/Az\/","name":"Baku","description":"Baku Climate Action Week","potentialAction":[{"@type":"SearchAction","target":{"@type":"EntryPoint","urlTemplate":"https:\/\/bakuclimateactionweek.org\/Az\/?s={search_term_string}"},"query-input":{"@type":"PropertyValueSpecification","valueRequired":true,"valueName":"search_term_string"}}],"inLanguage":"en-US"}]}},"_links":{"self":[{"href":"https:\/\/bakuclimateactionweek.org\/Az\/wp-json\/wp\/v2\/pages\/2059","targetHints":{"allow":["GET"]}}],"collection":[{"href":"https:\/\/bakuclimateactionweek.org\/Az\/wp-json\/wp\/v2\/pages"}],"about":[{"href":"https:\/\/bakuclimateactionweek.org\/Az\/wp-json\/wp\/v2\/types\/page"}],"author":[{"embeddable":true,"href":"https:\/\/bakuclimateactionweek.org\/Az\/wp-json\/wp\/v2\/users\/1"}],"replies":[{"embeddable":true,"href":"https:\/\/bakuclimateactionweek.org\/Az\/wp-json\/wp\/v2\/comments?post=2059"}],"version-history":[{"count":9,"href":"https:\/\/bakuclimateactionweek.org\/Az\/wp-json\/wp\/v2\/pages\/2059\/revisions"}],"predecessor-version":[{"id":7478,"href":"https:\/\/bakuclimateactionweek.org\/Az\/wp-json\/wp\/v2\/pages\/2059\/revisions\/7478"}],"up":[{"embeddable":true,"href":"https:\/\/bakuclimateactionweek.org\/Az\/wp-json\/wp\/v2\/pages\/8135"}],"wp:attachment":[{"href":"https:\/\/bakuclimateactionweek.org\/Az\/wp-json\/wp\/v2\/media?parent=2059"}],"curies":[{"name":"wp","href":"https:\/\/api.w.org\/{rel}","templated":true}]}}