{"id":5983,"date":"2025-06-03T03:52:12","date_gmt":"2025-06-03T08:52:12","guid":{"rendered":"https:\/\/bakuclimateactionweek.org\/Az\/?page_id=5983"},"modified":"2025-08-17T12:09:57","modified_gmt":"2025-08-17T17:09:57","slug":"organiser","status":"publish","type":"page","link":"https:\/\/bakuclimateactionweek.org\/Az\/organiser\/","title":{"rendered":"T\u0259\u015fkilat\u00e7\u0131"},"content":{"rendered":"\t\t<div data-elementor-type=\"wp-page\" data-elementor-id=\"5983\" class=\"elementor elementor-5983\" data-elementor-post-type=\"page\">\n\t\t\t\t<div class=\"elementor-element elementor-element-a8de277 e-con-full MaxH e-flex e-con e-parent\" data-id=\"a8de277\" data-element_type=\"container\" data-settings=\"{&quot;background_background&quot;:&quot;classic&quot;}\">\n\t\t\t\t<div class=\"elementor-element elementor-element-9eba69c MaxH elementor-widget elementor-widget-heading\" data-id=\"9eba69c\" data-element_type=\"widget\" data-widget_type=\"heading.default\">\n\t\t\t\t<div class=\"elementor-widget-container\">\n\t\t\t\t\t<h2 class=\"elementor-heading-title elementor-size-default\">T\u0259\u015fkilat\u00e7\u0131<\/h2>\t\t\t\t<\/div>\n\t\t\t\t<\/div>\n\t\t\t\t<\/div>\n\t\t<div class=\"elementor-element elementor-element-4b8c0ef e-flex e-con-boxed e-con e-parent\" data-id=\"4b8c0ef\" data-element_type=\"container\">\n\t\t\t\t\t<div class=\"e-con-inner\">\n\t\t\t\t<div class=\"elementor-element elementor-element-a56ab0c elementor-widget elementor-widget-spacer\" data-id=\"a56ab0c\" data-element_type=\"widget\" data-widget_type=\"spacer.default\">\n\t\t\t\t<div class=\"elementor-widget-container\">\n\t\t\t\t\t\t\t<div class=\"elementor-spacer\">\n\t\t\t<div class=\"elementor-spacer-inner\"><\/div>\n\t\t<\/div>\n\t\t\t\t\t\t<\/div>\n\t\t\t\t<\/div>\n\t\t\t\t\t<\/div>\n\t\t\t\t<\/div>\n\t\t<div class=\"elementor-element elementor-element-4cb95d8 e-flex e-con-boxed e-con e-parent\" data-id=\"4cb95d8\" data-element_type=\"container\">\n\t\t\t\t\t<div class=\"e-con-inner\">\n\t\t<div class=\"elementor-element elementor-element-2b94f88 e-con-full e-flex e-con e-child\" data-id=\"2b94f88\" data-element_type=\"container\">\n\t\t<div class=\"elementor-element elementor-element-b8432a1 e-con-full e-flex e-con e-child\" data-id=\"b8432a1\" data-element_type=\"container\">\n\t\t\t\t<div class=\"elementor-element elementor-element-7547e1c elementor-widget elementor-widget-image\" data-id=\"7547e1c\" data-element_type=\"widget\" data-widget_type=\"image.default\">\n\t\t\t\t<div class=\"elementor-widget-container\">\n\t\t\t\t\t\t\t\t\t\t\t\t\t\t\t<img decoding=\"async\" src=\"https:\/\/bakuclimateactionweek.org\/Az\/wp-content\/uploads\/2025\/08\/Nigar.jpg\" title=\"Nigar\" alt=\"Nigar\" loading=\"lazy\" \/>\t\t\t\t\t\t\t\t\t\t\t\t\t\t\t<\/div>\n\t\t\t\t<\/div>\n\t\t\t\t<\/div>\n\t\t<div class=\"elementor-element elementor-element-01c1c79 e-con-full e-flex e-con e-child\" data-id=\"01c1c79\" data-element_type=\"container\">\n\t\t\t\t<div class=\"elementor-element elementor-element-da6d315 elementor-widget elementor-widget-text-editor\" data-id=\"da6d315\" data-element_type=\"widget\" data-widget_type=\"text-editor.default\">\n\t\t\t\t<div class=\"elementor-widget-container\">\n\t\t\t\t\t\t\t\t\t<p>\u00d6t\u0259n il h\u0259m COP29-un, h\u0259m d\u0259 birinci Bak\u0131 \u0130qlim F\u0259aliyy\u0259ti H\u0259ft\u0259sinin u\u011furla ba\u015fa \u00e7atmas\u0131ndan sonra Az\u0259rbaycan bu il X\u0259z\u0259r d\u0259nizi sahilind\u0259 iqlim d\u0259yi\u015fm\u0259l\u0259ri \u00fczr\u0259 liderl\u0259rin beyn\u0259lxalq miqyasl\u0131 toplant\u0131s\u0131na bir daha ev sahibliyi ed\u0259c\u0259k.<\/p><p>Bel\u0259 ki, Bak\u0131 \u0130qlim F\u0259aliyy\u0259ti H\u0259ft\u0259si-2025 \u00e7\u0259r\u00e7iv\u0259sind\u0259 \u0259ld\u0259 olunan m\u00fch\u00fcm dinamikan\u0131 davam etdirm\u0259k \u00fc\u00e7\u00fcn biz sentyabr\u0131n 29-dan oktyabr\u0131n 3-n\u0259 kimi \u015firk\u0259t v\u0259 s\u0259naye liderl\u0259rini, el\u0259c\u0259 d\u0259 beyn\u0259lxalq qurumlar, elmi dair\u0259l\u0259r v\u0259 v\u0259t\u0259nda\u015f c\u0259miyy\u0259tinin n\u00fcmay\u0259nd\u0259l\u0259rini, habel\u0259 m\u00fct\u0259x\u0259ssis v\u0259 g\u0259ncl\u0259rl\u0259 yana\u015f\u0131, dig\u0259r i\u015ftirak\u00e7\u0131lar\u0131 Bak\u0131da q\u0259bul ed\u0259c\u0259yik.<\/p><p>Az\u0259rbaycan Respublikas\u0131n\u0131n paytaxt\u0131 Bak\u0131 \u015f\u0259h\u0259ri m\u00fcasir v\u0259 z\u0259rif \u00fcsluba malik memarl\u0131\u011f\u0131, ya\u015f\u0131l parklar\u0131, d\u0259nizk\u0259nar\u0131 bulvar\u0131 v\u0259 BMT-nin T\u0259hsil, Elm v\u0259 M\u0259d\u0259niyy\u0259t T\u0259\u015fkilat\u0131n\u0131n (UNESCO) \u00dcmumd\u00fcnya \u0130rsi Siyah\u0131s\u0131na daxil edilmi\u015f tarixi abid\u0259l\u0259ri il\u0259 m\u0259\u015fhurdur. Bu il ke\u00e7iril\u0259c\u0259k Bak\u0131 \u0130qlim F\u0259aliyy\u0259ti H\u0259ft\u0259si-2025 say\u0259sind\u0259 is\u0259 \u015f\u0259h\u0259rimiz \u00f6z m\u00f6vqeyini iqlim h\u0259ll\u0259ri t\u0259qdim ed\u0259n pe\u015f\u0259karlar\u0131n regionda \u0259sas toplant\u0131 m\u0259kan\u0131 kimi d\u0259 m\u00f6hk\u0259ml\u0259ndir\u0259c\u0259kdir.<\/p><p>H\u0259m\u00e7inin, biz birlikd\u0259 Braziliyan\u0131n COP30 S\u0259drliyinin \u201cGlobal Mutir\u00e3o\u201d t\u0259\u015f\u0259bb\u00fcs\u00fcn\u0259, el\u0259c\u0259 d\u0259 Bak\u0131da COP29 zaman\u0131 \u0259ld\u0259 olunmu\u015f dinamik f\u0259aliyy\u0259tin 2025-ci ilin noyabr\u0131nda Braziliyan\u0131n Belem \u015f\u0259h\u0259rind\u0259 ke\u00e7iril\u0259c\u0259k COP30 t\u0259dbirind\u0259 d\u0259 t\u0259\u015f\u0259kk\u00fcl tapmas\u0131na kollektiv t\u00f6hf\u0259 ver\u0259c\u0259yik.<\/p><p>Sizi d\u0259 bu qlobal s\u0259yl\u0259r\u0259 qo\u015fulma\u011fa v\u0259 biziml\u0259 birg\u0259 add\u0131mlama\u011fa \u00e7a\u011f\u0131r\u0131r\u0131q!<\/p>\t\t\t\t\t\t\t\t<\/div>\n\t\t\t\t<\/div>\n\t\t\t\t<div class=\"elementor-element elementor-element-010973b elementor-widget elementor-widget-text-editor\" data-id=\"010973b\" data-element_type=\"widget\" data-widget_type=\"text-editor.default\">\n\t\t\t\t<div class=\"elementor-widget-container\">\n\t\t\t\t\t\t\t\t\t<p class=\"testimonial-author-05\"><b>Nigar Arpadarai<br \/><\/b>COP29-da BMT-nin iqlim d\u0259yi\u015fm\u0259l\u0259ri \u00fczr\u0259 y\u00fcks\u0259k s\u0259viyy\u0259li \u00e7empionu<\/p>\t\t\t\t\t\t\t\t<\/div>\n\t\t\t\t<\/div>\n\t\t\t\t<\/div>\n\t\t\t\t<\/div>\n\t\t\t\t\t<\/div>\n\t\t\t\t<\/div>\n\t\t<div class=\"elementor-element elementor-element-b437c30 e-flex e-con-boxed e-con e-parent\" data-id=\"b437c30\" data-element_type=\"container\">\n\t\t\t\t\t<div class=\"e-con-inner\">\n\t\t\t\t<div class=\"elementor-element elementor-element-02aefa3 elementor-widget elementor-widget-text-editor\" data-id=\"02aefa3\" data-element_type=\"widget\" data-widget_type=\"text-editor.default\">\n\t\t\t\t<div class=\"elementor-widget-container\">\n\t\t\t\t\t\t\t\t\t<p>Bak\u0131 \u0130qlim F\u0259aliyy\u0259ti H\u0259ft\u0259si COP29-un y\u00fcks\u0259k s\u0259viyy\u0259li \u00e7empionu Nigar Arpadarainin himay\u0259si alt\u0131nda v\u0259 bir s\u0131ra milli, regional v\u0259 beyn\u0259lxalq t\u0259r\u0259fda\u015flarla \u0259m\u0259kda\u015fl\u0131q \u00e7\u0259r\u00e7iv\u0259sind\u0259 ke\u00e7irilir. Bu \u0259m\u0259kda\u015fl\u0131\u011f\u0131n m\u0259qs\u0259di h\u0259ft\u0259 \u0259razind\u0259 planla\u015fd\u0131r\u0131lan f\u0259aliyy\u0259tl\u0259rin t\u0259\u015fkilini t\u0259min etm\u0259kdir.<\/p><p>London \u0130qlim F\u0259aliyy\u0259ti H\u0259ft\u0259si il\u0259 t\u0259r\u0259fda\u015fl\u0131q \u00e7\u0259r\u00e7iv\u0259sind\u0259 haz\u0131rlanan t\u0259dbir proqram\u0131n\u0131n kuratoru proqram direktoru Malini Mehrad\u0131r. H\u0259ft\u0259nin t\u0259\u015fkilin\u0259 \u201cCaspian Event Organisers\u201d \u015firk\u0259ti, COP29-un y\u00fcks\u0259k s\u0259viyy\u0259li \u00e7empionlar komandas\u0131, yerli m\u00fct\u0259x\u0259ssisl\u0259r v\u0259 t\u0259r\u0259fda\u015f t\u0259\u015fkilatlar, o c\u00fcml\u0259d\u0259n Bak\u0131 D\u00f6vl\u0259t Universiteti v\u0259 ADA Universiteti t\u0259r\u0259find\u0259n d\u0259st\u0259k verilir.<\/p><p>Biz g\u00f6st\u0259ril\u0259n s\u0259yl\u0259r v\u0259 d\u0259st\u0259k \u00fc\u00e7\u00fcn ham\u0131ya \u00f6z minn\u0259tdarl\u0131\u011f\u0131m\u0131z\u0131 bildiririk!<\/p><p>\u018flaq\u0259: <a href=\"mailto:info@bakuclimateactionweek.org\">info@bakuclimateactionweek.org<\/a><\/p>\t\t\t\t\t\t\t\t<\/div>\n\t\t\t\t<\/div>\n\t\t\t\t\t<\/div>\n\t\t\t\t<\/div>\n\t\t<div class=\"elementor-element elementor-element-7b133dd e-flex e-con-boxed e-con e-parent\" data-id=\"7b133dd\" data-element_type=\"container\">\n\t\t\t\t\t<div class=\"e-con-inner\">\n\t\t\t\t\t<\/div>\n\t\t\t\t<\/div>\n\t\t\t\t<\/div>\n\t\t","protected":false},"excerpt":{"rendered":"<p>T\u0259\u015fkilat\u00e7\u0131 \u00d6t\u0259n il h\u0259m COP29-un, h\u0259m d\u0259 birinci Bak\u0131 \u0130qlim F\u0259aliyy\u0259ti H\u0259ft\u0259sinin u\u011furla ba\u015fa \u00e7atmas\u0131ndan sonra Az\u0259rbaycan bu il X\u0259z\u0259r d\u0259nizi sahilind\u0259 iqlim d\u0259yi\u015fm\u0259l\u0259ri \u00fczr\u0259 liderl\u0259rin beyn\u0259lxalq miqyasl\u0131 toplant\u0131s\u0131na bir [&hellip;]<\/p>\n","protected":false},"author":1,"featured_media":0,"parent":0,"menu_order":0,"comment_status":"closed","ping_status":"closed","template":"","meta":{"footnotes":""},"class_list":["post-5983","page","type-page","status-publish","hentry"],"yoast_head":"<!-- This site is optimized with the Yoast SEO plugin v26.1.1 - https:\/\/yoast.com\/wordpress\/plugins\/seo\/ -->\n<title>T\u0259\u015fkilat\u00e7\u0131 - Baku<\/title>\n<meta name=\"robots\" content=\"index, follow, max-snippet:-1, max-image-preview:large, max-video-preview:-1\" \/>\n<link rel=\"canonical\" href=\"https:\/\/bakuclimateactionweek.org\/Az\/organiser\/\" \/>\n<meta property=\"og:locale\" content=\"en_US\" \/>\n<meta property=\"og:type\" content=\"article\" \/>\n<meta property=\"og:title\" content=\"T\u0259\u015fkilat\u00e7\u0131 - Baku\" \/>\n<meta property=\"og:description\" content=\"T\u0259\u015fkilat\u00e7\u0131 \u00d6t\u0259n il h\u0259m COP29-un, h\u0259m d\u0259 birinci Bak\u0131 \u0130qlim F\u0259aliyy\u0259ti H\u0259ft\u0259sinin u\u011furla ba\u015fa \u00e7atmas\u0131ndan sonra Az\u0259rbaycan bu il X\u0259z\u0259r d\u0259nizi sahilind\u0259 iqlim d\u0259yi\u015fm\u0259l\u0259ri \u00fczr\u0259 liderl\u0259rin beyn\u0259lxalq miqyasl\u0131 toplant\u0131s\u0131na bir [&hellip;]\" \/>\n<meta property=\"og:url\" content=\"https:\/\/bakuclimateactionweek.org\/Az\/organiser\/\" \/>\n<meta property=\"og:site_name\" content=\"Baku\" \/>\n<meta property=\"article:modified_time\" content=\"2025-08-17T17:09:57+00:00\" \/>\n<meta property=\"og:image\" content=\"https:\/\/bakuclimateactionweek.org\/Az\/wp-content\/uploads\/2025\/08\/Nigar.jpg\" \/>\n<meta name=\"twitter:card\" content=\"summary_large_image\" \/>\n<meta name=\"twitter:label1\" content=\"Est. reading time\" \/>\n\t<meta name=\"twitter:data1\" content=\"3 minutes\" \/>\n<script type=\"application\/ld+json\" class=\"yoast-schema-graph\">{\"@context\":\"https:\/\/schema.org\",\"@graph\":[{\"@type\":\"WebPage\",\"@id\":\"https:\/\/bakuclimateactionweek.org\/Az\/organiser\/\",\"url\":\"https:\/\/bakuclimateactionweek.org\/Az\/organiser\/\",\"name\":\"T\u0259\u015fkilat\u00e7\u0131 - Baku\",\"isPartOf\":{\"@id\":\"https:\/\/bakuclimateactionweek.org\/Az\/#website\"},\"primaryImageOfPage\":{\"@id\":\"https:\/\/bakuclimateactionweek.org\/Az\/organiser\/#primaryimage\"},\"image\":{\"@id\":\"https:\/\/bakuclimateactionweek.org\/Az\/organiser\/#primaryimage\"},\"thumbnailUrl\":\"https:\/\/bakuclimateactionweek.org\/Az\/wp-content\/uploads\/2025\/08\/Nigar.jpg\",\"datePublished\":\"2025-06-03T08:52:12+00:00\",\"dateModified\":\"2025-08-17T17:09:57+00:00\",\"breadcrumb\":{\"@id\":\"https:\/\/bakuclimateactionweek.org\/Az\/organiser\/#breadcrumb\"},\"inLanguage\":\"en-US\",\"potentialAction\":[{\"@type\":\"ReadAction\",\"target\":[\"https:\/\/bakuclimateactionweek.org\/Az\/organiser\/\"]}]},{\"@type\":\"ImageObject\",\"inLanguage\":\"en-US\",\"@id\":\"https:\/\/bakuclimateactionweek.org\/Az\/organiser\/#primaryimage\",\"url\":\"https:\/\/bakuclimateactionweek.org\/Az\/wp-content\/uploads\/2025\/08\/Nigar.jpg\",\"contentUrl\":\"https:\/\/bakuclimateactionweek.org\/Az\/wp-content\/uploads\/2025\/08\/Nigar.jpg\",\"width\":530,\"height\":681},{\"@type\":\"BreadcrumbList\",\"@id\":\"https:\/\/bakuclimateactionweek.org\/Az\/organiser\/#breadcrumb\",\"itemListElement\":[{\"@type\":\"ListItem\",\"position\":1,\"name\":\"Home\",\"item\":\"https:\/\/bakuclimateactionweek.org\/Az\/\"},{\"@type\":\"ListItem\",\"position\":2,\"name\":\"T\u0259\u015fkilat\u00e7\u0131\"}]},{\"@type\":\"WebSite\",\"@id\":\"https:\/\/bakuclimateactionweek.org\/Az\/#website\",\"url\":\"https:\/\/bakuclimateactionweek.org\/Az\/\",\"name\":\"Baku\",\"description\":\"Baku Climate Action Week\",\"potentialAction\":[{\"@type\":\"SearchAction\",\"target\":{\"@type\":\"EntryPoint\",\"urlTemplate\":\"https:\/\/bakuclimateactionweek.org\/Az\/?s={search_term_string}\"},\"query-input\":{\"@type\":\"PropertyValueSpecification\",\"valueRequired\":true,\"valueName\":\"search_term_string\"}}],\"inLanguage\":\"en-US\"}]}<\/script>\n<!-- \/ Yoast SEO plugin. -->","yoast_head_json":{"title":"T\u0259\u015fkilat\u00e7\u0131 - Baku","robots":{"index":"index","follow":"follow","max-snippet":"max-snippet:-1","max-image-preview":"max-image-preview:large","max-video-preview":"max-video-preview:-1"},"canonical":"https:\/\/bakuclimateactionweek.org\/Az\/organiser\/","og_locale":"en_US","og_type":"article","og_title":"T\u0259\u015fkilat\u00e7\u0131 - Baku","og_description":"T\u0259\u015fkilat\u00e7\u0131 \u00d6t\u0259n il h\u0259m COP29-un, h\u0259m d\u0259 birinci Bak\u0131 \u0130qlim F\u0259aliyy\u0259ti H\u0259ft\u0259sinin u\u011furla ba\u015fa \u00e7atmas\u0131ndan sonra Az\u0259rbaycan bu il X\u0259z\u0259r d\u0259nizi sahilind\u0259 iqlim d\u0259yi\u015fm\u0259l\u0259ri \u00fczr\u0259 liderl\u0259rin beyn\u0259lxalq miqyasl\u0131 toplant\u0131s\u0131na bir [&hellip;]","og_url":"https:\/\/bakuclimateactionweek.org\/Az\/organiser\/","og_site_name":"Baku","article_modified_time":"2025-08-17T17:09:57+00:00","og_image":[{"url":"https:\/\/bakuclimateactionweek.org\/Az\/wp-content\/uploads\/2025\/08\/Nigar.jpg","type":"","width":"","height":""}],"twitter_card":"summary_large_image","twitter_misc":{"Est. reading time":"3 minutes"},"schema":{"@context":"https:\/\/schema.org","@graph":[{"@type":"WebPage","@id":"https:\/\/bakuclimateactionweek.org\/Az\/organiser\/","url":"https:\/\/bakuclimateactionweek.org\/Az\/organiser\/","name":"T\u0259\u015fkilat\u00e7\u0131 - Baku","isPartOf":{"@id":"https:\/\/bakuclimateactionweek.org\/Az\/#website"},"primaryImageOfPage":{"@id":"https:\/\/bakuclimateactionweek.org\/Az\/organiser\/#primaryimage"},"image":{"@id":"https:\/\/bakuclimateactionweek.org\/Az\/organiser\/#primaryimage"},"thumbnailUrl":"https:\/\/bakuclimateactionweek.org\/Az\/wp-content\/uploads\/2025\/08\/Nigar.jpg","datePublished":"2025-06-03T08:52:12+00:00","dateModified":"2025-08-17T17:09:57+00:00","breadcrumb":{"@id":"https:\/\/bakuclimateactionweek.org\/Az\/organiser\/#breadcrumb"},"inLanguage":"en-US","potentialAction":[{"@type":"ReadAction","target":["https:\/\/bakuclimateactionweek.org\/Az\/organiser\/"]}]},{"@type":"ImageObject","inLanguage":"en-US","@id":"https:\/\/bakuclimateactionweek.org\/Az\/organiser\/#primaryimage","url":"https:\/\/bakuclimateactionweek.org\/Az\/wp-content\/uploads\/2025\/08\/Nigar.jpg","contentUrl":"https:\/\/bakuclimateactionweek.org\/Az\/wp-content\/uploads\/2025\/08\/Nigar.jpg","width":530,"height":681},{"@type":"BreadcrumbList","@id":"https:\/\/bakuclimateactionweek.org\/Az\/organiser\/#breadcrumb","itemListElement":[{"@type":"ListItem","position":1,"name":"Home","item":"https:\/\/bakuclimateactionweek.org\/Az\/"},{"@type":"ListItem","position":2,"name":"T\u0259\u015fkilat\u00e7\u0131"}]},{"@type":"WebSite","@id":"https:\/\/bakuclimateactionweek.org\/Az\/#website","url":"https:\/\/bakuclimateactionweek.org\/Az\/","name":"Baku","description":"Baku Climate Action Week","potentialAction":[{"@type":"SearchAction","target":{"@type":"EntryPoint","urlTemplate":"https:\/\/bakuclimateactionweek.org\/Az\/?s={search_term_string}"},"query-input":{"@type":"PropertyValueSpecification","valueRequired":true,"valueName":"search_term_string"}}],"inLanguage":"en-US"}]}},"_links":{"self":[{"href":"https:\/\/bakuclimateactionweek.org\/Az\/wp-json\/wp\/v2\/pages\/5983","targetHints":{"allow":["GET"]}}],"collection":[{"href":"https:\/\/bakuclimateactionweek.org\/Az\/wp-json\/wp\/v2\/pages"}],"about":[{"href":"https:\/\/bakuclimateactionweek.org\/Az\/wp-json\/wp\/v2\/types\/page"}],"author":[{"embeddable":true,"href":"https:\/\/bakuclimateactionweek.org\/Az\/wp-json\/wp\/v2\/users\/1"}],"replies":[{"embeddable":true,"href":"https:\/\/bakuclimateactionweek.org\/Az\/wp-json\/wp\/v2\/comments?post=5983"}],"version-history":[{"count":12,"href":"https:\/\/bakuclimateactionweek.org\/Az\/wp-json\/wp\/v2\/pages\/5983\/revisions"}],"predecessor-version":[{"id":7517,"href":"https:\/\/bakuclimateactionweek.org\/Az\/wp-json\/wp\/v2\/pages\/5983\/revisions\/7517"}],"wp:attachment":[{"href":"https:\/\/bakuclimateactionweek.org\/Az\/wp-json\/wp\/v2\/media?parent=5983"}],"curies":[{"name":"wp","href":"https:\/\/api.w.org\/{rel}","templated":true}]}}