{"id":6062,"date":"2025-06-03T10:47:30","date_gmt":"2025-06-03T15:47:30","guid":{"rendered":"https:\/\/bakuclimateactionweek.org\/Az\/?page_id=6062"},"modified":"2025-08-17T12:17:47","modified_gmt":"2025-08-17T17:17:47","slug":"resources","status":"publish","type":"page","link":"https:\/\/bakuclimateactionweek.org\/Az\/resources\/","title":{"rendered":"Resurslar"},"content":{"rendered":"\t\t<div data-elementor-type=\"wp-page\" data-elementor-id=\"6062\" class=\"elementor elementor-6062\" data-elementor-post-type=\"page\">\n\t\t\t\t<div class=\"elementor-element elementor-element-a8de277 e-con-full MaxH e-flex e-con e-parent\" data-id=\"a8de277\" data-element_type=\"container\" data-settings=\"{&quot;background_background&quot;:&quot;classic&quot;}\">\n\t\t\t\t<div class=\"elementor-element elementor-element-9eba69c MaxH elementor-widget elementor-widget-heading\" data-id=\"9eba69c\" data-element_type=\"widget\" data-widget_type=\"heading.default\">\n\t\t\t\t<div class=\"elementor-widget-container\">\n\t\t\t\t\t<h2 class=\"elementor-heading-title elementor-size-default\">Resurslar<\/h2>\t\t\t\t<\/div>\n\t\t\t\t<\/div>\n\t\t\t\t<\/div>\n\t\t<div class=\"elementor-element elementor-element-33fd6da e-flex e-con-boxed e-con e-parent\" data-id=\"33fd6da\" data-element_type=\"container\">\n\t\t\t\t\t<div class=\"e-con-inner\">\n\t\t\t\t<div class=\"elementor-element elementor-element-a4e7acd elementor-widget elementor-widget-spacer\" data-id=\"a4e7acd\" data-element_type=\"widget\" data-widget_type=\"spacer.default\">\n\t\t\t\t<div class=\"elementor-widget-container\">\n\t\t\t\t\t\t\t<div class=\"elementor-spacer\">\n\t\t\t<div class=\"elementor-spacer-inner\"><\/div>\n\t\t<\/div>\n\t\t\t\t\t\t<\/div>\n\t\t\t\t<\/div>\n\t\t\t\t\t<\/div>\n\t\t\t\t<\/div>\n\t\t<div class=\"elementor-element elementor-element-71f0ca5 e-con-full e-flex e-con e-parent\" data-id=\"71f0ca5\" data-element_type=\"container\">\n\t\t\t\t<div class=\"elementor-element elementor-element-45844bd elementor-widget elementor-widget-n-accordion\" data-id=\"45844bd\" data-element_type=\"widget\" data-settings=\"{&quot;default_state&quot;:&quot;all_collapsed&quot;,&quot;max_items_expended&quot;:&quot;one&quot;,&quot;n_accordion_animation_duration&quot;:{&quot;unit&quot;:&quot;ms&quot;,&quot;size&quot;:400,&quot;sizes&quot;:[]}}\" data-widget_type=\"nested-accordion.default\">\n\t\t\t\t<div class=\"elementor-widget-container\">\n\t\t\t\t\t\t\t<div class=\"e-n-accordion\" aria-label=\"Accordion. Open links with Enter or Space, close with Escape, and navigate with Arrow Keys\">\n\t\t\t\t\t\t<details id=\"e-n-accordion-item-7280\" class=\"e-n-accordion-item\" >\n\t\t\t\t<summary class=\"e-n-accordion-item-title\" data-accordion-index=\"1\" tabindex=\"0\" aria-expanded=\"false\" aria-controls=\"e-n-accordion-item-7280\" >\n\t\t\t\t\t<span class='e-n-accordion-item-title-header'><div class=\"e-n-accordion-item-title-text\"> BMT-nin 2023-c\u00fc il \u00fc\u00e7\u00fcn Az\u0259rbaycan \u00fczr\u0259 illik hesabat\u0131 <\/div><\/span>\n\t\t\t\t\t\t\t<span class='e-n-accordion-item-title-icon'>\n\t\t\t<span class='e-opened' ><i aria-hidden=\"true\" class=\"icon icon-up-arrow1\"><\/i><\/span>\n\t\t\t<span class='e-closed'><i aria-hidden=\"true\" class=\"icon icon-down-arrow1\"><\/i><\/span>\n\t\t<\/span>\n\n\t\t\t\t\t\t<\/summary>\n\t\t\t\t<div role=\"region\" aria-labelledby=\"e-n-accordion-item-7280\" class=\"elementor-element elementor-element-d4c2b1c e-con-full e-flex e-con e-child\" data-id=\"d4c2b1c\" data-element_type=\"container\">\n\t\t\t\t<div class=\"elementor-element elementor-element-a34236a elementor-widget elementor-widget-bae-doc-embedder\" data-id=\"a34236a\" data-element_type=\"widget\" data-widget_type=\"bae-doc-embedder.default\">\n\t\t\t\t<div class=\"elementor-widget-container\">\n\t\t\t\t\t      <div class=\"my-doc\">\n\t\t<iframe src=\"https:\/\/docs.google.com\/viewer?url=https:\/\/bakuclimateactionweek.org\/Az\/wp-content\/uploads\/2025\/06\/UN-Report.pdf&amp;embedded=true\"  allowfullscreen>\n\t\t<\/iframe>\n\t\t<\/div>\n\t\t\t\t\t\t<\/div>\n\t\t\t\t<\/div>\n\t\t\t\t<\/div>\n\t\t\t\t\t<\/details>\n\t\t\t\t\t\t<details id=\"e-n-accordion-item-7281\" class=\"e-n-accordion-item\" >\n\t\t\t\t<summary class=\"e-n-accordion-item-title\" data-accordion-index=\"2\" tabindex=\"-1\" aria-expanded=\"false\" aria-controls=\"e-n-accordion-item-7281\" >\n\t\t\t\t\t<span class='e-n-accordion-item-title-header'><div class=\"e-n-accordion-item-title-text\"> UNDP-nin Az\u0259rbaycan \u00fczr\u0259 2023-c\u00fc ilin yekunlar\u0131na dair hesabat\u0131 <\/div><\/span>\n\t\t\t\t\t\t\t<span class='e-n-accordion-item-title-icon'>\n\t\t\t<span class='e-opened' ><i aria-hidden=\"true\" class=\"icon icon-up-arrow1\"><\/i><\/span>\n\t\t\t<span class='e-closed'><i aria-hidden=\"true\" class=\"icon icon-down-arrow1\"><\/i><\/span>\n\t\t<\/span>\n\n\t\t\t\t\t\t<\/summary>\n\t\t\t\t<div role=\"region\" aria-labelledby=\"e-n-accordion-item-7281\" class=\"elementor-element elementor-element-8623c82 e-con-full e-flex e-con e-child\" data-id=\"8623c82\" data-element_type=\"container\">\n\t\t\t\t<div class=\"elementor-element elementor-element-5557363 elementor-widget elementor-widget-bae-doc-embedder\" data-id=\"5557363\" data-element_type=\"widget\" data-widget_type=\"bae-doc-embedder.default\">\n\t\t\t\t<div class=\"elementor-widget-container\">\n\t\t\t\t\t      <div class=\"my-doc\">\n\t\t<iframe src=\"https:\/\/docs.google.com\/viewer?url=https:\/\/bakuclimateactionweek.org\/Az\/wp-content\/uploads\/2025\/06\/UNDP-Report.pdf&amp;embedded=true\"  allowfullscreen>\n\t\t<\/iframe>\n\t\t<\/div>\n\t\t\t\t\t\t<\/div>\n\t\t\t\t<\/div>\n\t\t\t\t<\/div>\n\t\t\t\t\t<\/details>\n\t\t\t\t\t\t<details id=\"e-n-accordion-item-7282\" class=\"e-n-accordion-item\" >\n\t\t\t\t<summary class=\"e-n-accordion-item-title\" data-accordion-index=\"3\" tabindex=\"-1\" aria-expanded=\"false\" aria-controls=\"e-n-accordion-item-7282\" >\n\t\t\t\t\t<span class='e-n-accordion-item-title-header'><div class=\"e-n-accordion-item-title-text\"> UNESCO-nun Az\u0259rbaycan \u00fczr\u0259 \u00f6lk\u0259 profili <\/div><\/span>\n\t\t\t\t\t\t\t<span class='e-n-accordion-item-title-icon'>\n\t\t\t<span class='e-opened' ><i aria-hidden=\"true\" class=\"icon icon-up-arrow1\"><\/i><\/span>\n\t\t\t<span class='e-closed'><i aria-hidden=\"true\" class=\"icon icon-down-arrow1\"><\/i><\/span>\n\t\t<\/span>\n\n\t\t\t\t\t\t<\/summary>\n\t\t\t\t<div role=\"region\" aria-labelledby=\"e-n-accordion-item-7282\" class=\"elementor-element elementor-element-39e1d6d e-con-full e-flex e-con e-child\" data-id=\"39e1d6d\" data-element_type=\"container\">\n\t\t\t\t<div class=\"elementor-element elementor-element-fc1eb7e elementor-widget elementor-widget-bae-doc-embedder\" data-id=\"fc1eb7e\" data-element_type=\"widget\" data-widget_type=\"bae-doc-embedder.default\">\n\t\t\t\t<div class=\"elementor-widget-container\">\n\t\t\t\t\t      <div class=\"my-doc\">\n\t\t<iframe src=\"https:\/\/docs.google.com\/viewer?url=https:\/\/bakuclimateactionweek.org\/Az\/wp-content\/uploads\/2025\/06\/UNESCO-Report.pdf&amp;embedded=true\"  allowfullscreen>\n\t\t<\/iframe>\n\t\t<\/div>\n\t\t\t\t\t\t<\/div>\n\t\t\t\t<\/div>\n\t\t\t\t<\/div>\n\t\t\t\t\t<\/details>\n\t\t\t\t\t\t<details id=\"e-n-accordion-item-7283\" class=\"e-n-accordion-item\" >\n\t\t\t\t<summary class=\"e-n-accordion-item-title\" data-accordion-index=\"4\" tabindex=\"-1\" aria-expanded=\"false\" aria-controls=\"e-n-accordion-item-7283\" >\n\t\t\t\t\t<span class='e-n-accordion-item-title-header'><div class=\"e-n-accordion-item-title-text\"> UNICEF-in Az\u0259rbaycandak\u0131 n\u00fcmay\u0259nd\u0259liyinin 2023-c\u00fc il \u00fc\u00e7\u00fcn illik hesabat\u0131 <\/div><\/span>\n\t\t\t\t\t\t\t<span class='e-n-accordion-item-title-icon'>\n\t\t\t<span class='e-opened' ><i aria-hidden=\"true\" class=\"icon icon-up-arrow1\"><\/i><\/span>\n\t\t\t<span class='e-closed'><i aria-hidden=\"true\" class=\"icon icon-down-arrow1\"><\/i><\/span>\n\t\t<\/span>\n\n\t\t\t\t\t\t<\/summary>\n\t\t\t\t<div role=\"region\" aria-labelledby=\"e-n-accordion-item-7283\" class=\"elementor-element elementor-element-cb9d52b e-con-full e-flex e-con e-child\" data-id=\"cb9d52b\" data-element_type=\"container\">\n\t\t\t\t<div class=\"elementor-element elementor-element-5776904 elementor-widget elementor-widget-bae-doc-embedder\" data-id=\"5776904\" data-element_type=\"widget\" data-widget_type=\"bae-doc-embedder.default\">\n\t\t\t\t<div class=\"elementor-widget-container\">\n\t\t\t\t\t      <div class=\"my-doc\">\n\t\t<iframe src=\"https:\/\/docs.google.com\/viewer?url=https:\/\/bakuclimateactionweek.org\/Az\/wp-content\/uploads\/2025\/06\/UNICEF-Report.pdf&amp;embedded=true\"  allowfullscreen>\n\t\t<\/iframe>\n\t\t<\/div>\n\t\t\t\t\t\t<\/div>\n\t\t\t\t<\/div>\n\t\t\t\t<\/div>\n\t\t\t\t\t<\/details>\n\t\t\t\t\t\t<details id=\"e-n-accordion-item-7284\" class=\"e-n-accordion-item\" >\n\t\t\t\t<summary class=\"e-n-accordion-item-title\" data-accordion-index=\"5\" tabindex=\"-1\" aria-expanded=\"false\" aria-controls=\"e-n-accordion-item-7284\" >\n\t\t\t\t\t<span class='e-n-accordion-item-title-header'><div class=\"e-n-accordion-item-title-text\"> UNCHR-\u0131n Az\u0259rbaycan \u00fczr\u0259 informasiya b\u00fclleteni <\/div><\/span>\n\t\t\t\t\t\t\t<span class='e-n-accordion-item-title-icon'>\n\t\t\t<span class='e-opened' ><i aria-hidden=\"true\" class=\"icon icon-up-arrow1\"><\/i><\/span>\n\t\t\t<span class='e-closed'><i aria-hidden=\"true\" class=\"icon icon-down-arrow1\"><\/i><\/span>\n\t\t<\/span>\n\n\t\t\t\t\t\t<\/summary>\n\t\t\t\t<div role=\"region\" aria-labelledby=\"e-n-accordion-item-7284\" class=\"elementor-element elementor-element-b4e705e e-con-full e-flex e-con e-child\" data-id=\"b4e705e\" data-element_type=\"container\">\n\t\t\t\t<div class=\"elementor-element elementor-element-d0377be elementor-widget elementor-widget-bae-doc-embedder\" data-id=\"d0377be\" data-element_type=\"widget\" data-widget_type=\"bae-doc-embedder.default\">\n\t\t\t\t<div class=\"elementor-widget-container\">\n\t\t\t\t\t      <div class=\"my-doc\">\n\t\t<iframe src=\"https:\/\/docs.google.com\/viewer?url=https:\/\/bakuclimateactionweek.org\/Az\/wp-content\/uploads\/2025\/06\/UNCHR-Report.pdf&amp;embedded=true\"  allowfullscreen>\n\t\t<\/iframe>\n\t\t<\/div>\n\t\t\t\t\t\t<\/div>\n\t\t\t\t<\/div>\n\t\t\t\t<\/div>\n\t\t\t\t\t<\/details>\n\t\t\t\t\t\t<details id=\"e-n-accordion-item-7285\" class=\"e-n-accordion-item\" >\n\t\t\t\t<summary class=\"e-n-accordion-item-title\" data-accordion-index=\"6\" tabindex=\"-1\" aria-expanded=\"false\" aria-controls=\"e-n-accordion-item-7285\" >\n\t\t\t\t\t<span class='e-n-accordion-item-title-header'><div class=\"e-n-accordion-item-title-text\"> UNCTAD-\u0131n statistik m\u0259lumatlar\u0131 <\/div><\/span>\n\t\t\t\t\t\t\t<span class='e-n-accordion-item-title-icon'>\n\t\t\t<span class='e-opened' ><i aria-hidden=\"true\" class=\"icon icon-up-arrow1\"><\/i><\/span>\n\t\t\t<span class='e-closed'><i aria-hidden=\"true\" class=\"icon icon-down-arrow1\"><\/i><\/span>\n\t\t<\/span>\n\n\t\t\t\t\t\t<\/summary>\n\t\t\t\t<div role=\"region\" aria-labelledby=\"e-n-accordion-item-7285\" class=\"elementor-element elementor-element-895e943 e-con-full e-flex e-con e-child\" data-id=\"895e943\" data-element_type=\"container\">\n\t\t\t\t<div class=\"elementor-element elementor-element-394f626 elementor-widget elementor-widget-bae-doc-embedder\" data-id=\"394f626\" data-element_type=\"widget\" data-widget_type=\"bae-doc-embedder.default\">\n\t\t\t\t<div class=\"elementor-widget-container\">\n\t\t\t\t\t      <div class=\"my-doc\">\n\t\t<iframe src=\"https:\/\/docs.google.com\/viewer?url=https:\/\/bakuclimateactionweek.org\/Az\/wp-content\/uploads\/2025\/06\/UNCTAD-Country-Profile-for-Azerbaijan.pdf&amp;embedded=true\"  allowfullscreen>\n\t\t<\/iframe>\n\t\t<\/div>\n\t\t\t\t\t\t<\/div>\n\t\t\t\t<\/div>\n\t\t\t\t<\/div>\n\t\t\t\t\t<\/details>\n\t\t\t\t\t\t<details id=\"e-n-accordion-item-7286\" class=\"e-n-accordion-item\" >\n\t\t\t\t<summary class=\"e-n-accordion-item-title\" data-accordion-index=\"7\" tabindex=\"-1\" aria-expanded=\"false\" aria-controls=\"e-n-accordion-item-7286\" >\n\t\t\t\t\t<span class='e-n-accordion-item-title-header'><div class=\"e-n-accordion-item-title-text\"> D\u00fcnya Bank\u0131 Qrupunun 2023-c\u00fc il \u00fc\u00e7\u00fcn Az\u0259rbaycan \u00fczr\u0259 iqlim v\u0259 inki\u015faf hesabat\u0131 <\/div><\/span>\n\t\t\t\t\t\t\t<span class='e-n-accordion-item-title-icon'>\n\t\t\t<span class='e-opened' ><i aria-hidden=\"true\" class=\"icon icon-up-arrow1\"><\/i><\/span>\n\t\t\t<span class='e-closed'><i aria-hidden=\"true\" class=\"icon icon-down-arrow1\"><\/i><\/span>\n\t\t<\/span>\n\n\t\t\t\t\t\t<\/summary>\n\t\t\t\t<div role=\"region\" aria-labelledby=\"e-n-accordion-item-7286\" class=\"elementor-element elementor-element-53d3d69 e-con-full e-flex e-con e-child\" data-id=\"53d3d69\" data-element_type=\"container\">\n\t\t\t\t<div class=\"elementor-element elementor-element-7c582ba elementor-widget elementor-widget-bae-doc-embedder\" data-id=\"7c582ba\" data-element_type=\"widget\" data-widget_type=\"bae-doc-embedder.default\">\n\t\t\t\t<div class=\"elementor-widget-container\">\n\t\t\t\t\t      <div class=\"my-doc\">\n\t\t<iframe src=\"https:\/\/docs.google.com\/viewer?url=https:\/\/bakuclimateactionweek.org\/Az\/wp-content\/uploads\/2025\/06\/World-Bank-Report.pdf&amp;embedded=true\"  allowfullscreen>\n\t\t<\/iframe>\n\t\t<\/div>\n\t\t\t\t\t\t<\/div>\n\t\t\t\t<\/div>\n\t\t\t\t<\/div>\n\t\t\t\t\t<\/details>\n\t\t\t\t\t\t<details id=\"e-n-accordion-item-7287\" class=\"e-n-accordion-item\" >\n\t\t\t\t<summary class=\"e-n-accordion-item-title\" data-accordion-index=\"8\" tabindex=\"-1\" aria-expanded=\"false\" aria-controls=\"e-n-accordion-item-7287\" >\n\t\t\t\t\t<span class='e-n-accordion-item-title-header'><div class=\"e-n-accordion-item-title-text\"> Az\u0259rbaycan Respublikas\u0131n\u0131n Milli S\u0259viyy\u0259d\u0259 M\u00fc\u0259yy\u0259n Edilmi\u015f T\u00f6hf\u0259l\u0259r (NDC) s\u0259n\u0259dinin yenil\u0259nmi\u015f variant\u0131 <\/div><\/span>\n\t\t\t\t\t\t\t<span class='e-n-accordion-item-title-icon'>\n\t\t\t<span class='e-opened' ><i aria-hidden=\"true\" class=\"icon icon-up-arrow1\"><\/i><\/span>\n\t\t\t<span class='e-closed'><i aria-hidden=\"true\" class=\"icon icon-down-arrow1\"><\/i><\/span>\n\t\t<\/span>\n\n\t\t\t\t\t\t<\/summary>\n\t\t\t\t<div role=\"region\" aria-labelledby=\"e-n-accordion-item-7287\" class=\"elementor-element elementor-element-44b8798 e-con-full e-flex e-con e-child\" data-id=\"44b8798\" data-element_type=\"container\">\n\t\t\t\t<div class=\"elementor-element elementor-element-b90626c elementor-widget elementor-widget-bae-doc-embedder\" data-id=\"b90626c\" data-element_type=\"widget\" data-widget_type=\"bae-doc-embedder.default\">\n\t\t\t\t<div class=\"elementor-widget-container\">\n\t\t\t\t\t      <div class=\"my-doc\">\n\t\t<iframe src=\"https:\/\/docs.google.com\/viewer?url=https:\/\/bakuclimateactionweek.org\/Az\/wp-content\/uploads\/2025\/06\/Updated-NDCs.pdf&amp;embedded=true\"  allowfullscreen>\n\t\t<\/iframe>\n\t\t<\/div>\n\t\t\t\t\t\t<\/div>\n\t\t\t\t<\/div>\n\t\t\t\t<\/div>\n\t\t\t\t\t<\/details>\n\t\t\t\t\t\t<details id=\"e-n-accordion-item-7288\" class=\"e-n-accordion-item\" >\n\t\t\t\t<summary class=\"e-n-accordion-item-title\" data-accordion-index=\"9\" tabindex=\"-1\" aria-expanded=\"false\" aria-controls=\"e-n-accordion-item-7288\" >\n\t\t\t\t\t<span class='e-n-accordion-item-title-header'><div class=\"e-n-accordion-item-title-text\"> Az\u0259rbaycanda d\u0259niz k\u00fcl\u0259k enerjisi \u00fczr\u0259 yol x\u0259rit\u0259si  <\/div><\/span>\n\t\t\t\t\t\t\t<span class='e-n-accordion-item-title-icon'>\n\t\t\t<span class='e-opened' ><i aria-hidden=\"true\" class=\"icon icon-up-arrow1\"><\/i><\/span>\n\t\t\t<span class='e-closed'><i aria-hidden=\"true\" class=\"icon icon-down-arrow1\"><\/i><\/span>\n\t\t<\/span>\n\n\t\t\t\t\t\t<\/summary>\n\t\t\t\t<div role=\"region\" aria-labelledby=\"e-n-accordion-item-7288\" class=\"elementor-element elementor-element-0b80833 e-con-full e-flex e-con e-child\" data-id=\"0b80833\" data-element_type=\"container\">\n\t\t\t\t<div class=\"elementor-element elementor-element-5392858 elementor-widget elementor-widget-bae-doc-embedder\" data-id=\"5392858\" data-element_type=\"widget\" data-widget_type=\"bae-doc-embedder.default\">\n\t\t\t\t<div class=\"elementor-widget-container\">\n\t\t\t\t\t      <div class=\"my-doc\">\n\t\t<iframe src=\"https:\/\/docs.google.com\/viewer?url=https:\/\/bakuclimateactionweek.org\/Az\/wp-content\/uploads\/2025\/06\/Offshore-Wind-Roadmap-for-Azerbaijan.pdf&amp;embedded=true\"  allowfullscreen>\n\t\t<\/iframe>\n\t\t<\/div>\n\t\t\t\t\t\t<\/div>\n\t\t\t\t<\/div>\n\t\t\t\t<\/div>\n\t\t\t\t\t<\/details>\n\t\t\t\t\t\t<details id=\"e-n-accordion-item-7289\" class=\"e-n-accordion-item\" >\n\t\t\t\t<summary class=\"e-n-accordion-item-title\" data-accordion-index=\"10\" tabindex=\"-1\" aria-expanded=\"false\" aria-controls=\"e-n-accordion-item-7289\" >\n\t\t\t\t\t<span class='e-n-accordion-item-title-header'><div class=\"e-n-accordion-item-title-text\"> Az\u0259rbaycanda sosial-iqtisadi inkl\u00fczivlik \u00fczr\u0259 siyasi icmal <\/div><\/span>\n\t\t\t\t\t\t\t<span class='e-n-accordion-item-title-icon'>\n\t\t\t<span class='e-opened' ><i aria-hidden=\"true\" class=\"icon icon-up-arrow1\"><\/i><\/span>\n\t\t\t<span class='e-closed'><i aria-hidden=\"true\" class=\"icon icon-down-arrow1\"><\/i><\/span>\n\t\t<\/span>\n\n\t\t\t\t\t\t<\/summary>\n\t\t\t\t<div role=\"region\" aria-labelledby=\"e-n-accordion-item-7289\" class=\"elementor-element elementor-element-5c504e1 e-con-full e-flex e-con e-child\" data-id=\"5c504e1\" data-element_type=\"container\">\n\t\t\t\t<div class=\"elementor-element elementor-element-9e3b16e elementor-widget elementor-widget-bae-doc-embedder\" data-id=\"9e3b16e\" data-element_type=\"widget\" data-widget_type=\"bae-doc-embedder.default\">\n\t\t\t\t<div class=\"elementor-widget-container\">\n\t\t\t\t\t      <div class=\"my-doc\">\n\t\t<iframe src=\"https:\/\/docs.google.com\/viewer?url=https:\/\/bakuclimateactionweek.org\/Az\/wp-content\/uploads\/2025\/06\/Policy-Brief-on-Socio-economic-Inclusiveness-in-Azerbaijan.pdf&amp;embedded=true\"  allowfullscreen>\n\t\t<\/iframe>\n\t\t<\/div>\n\t\t\t\t\t\t<\/div>\n\t\t\t\t<\/div>\n\t\t\t\t<\/div>\n\t\t\t\t\t<\/details>\n\t\t\t\t\t\t<details id=\"e-n-accordion-item-72810\" class=\"e-n-accordion-item\" >\n\t\t\t\t<summary class=\"e-n-accordion-item-title\" data-accordion-index=\"11\" tabindex=\"-1\" aria-expanded=\"false\" aria-controls=\"e-n-accordion-item-72810\" >\n\t\t\t\t\t<span class='e-n-accordion-item-title-header'><div class=\"e-n-accordion-item-title-text\"> BMT-nin \u0130qlim D\u0259yi\u015fm\u0259l\u0259ri \u00fczr\u0259 \u00c7\u0259r\u00e7iv\u0259 Konvensiyas\u0131na \u00fcnvanlanm\u0131\u015f IV Milli Komm\u00fcnike (v\u0259 ya UNFCCC-y\u0259 \u00fcnvanlanm\u0131\u015f IV Milli Komm\u00fcnike) <\/div><\/span>\n\t\t\t\t\t\t\t<span class='e-n-accordion-item-title-icon'>\n\t\t\t<span class='e-opened' ><i aria-hidden=\"true\" class=\"icon icon-up-arrow1\"><\/i><\/span>\n\t\t\t<span class='e-closed'><i aria-hidden=\"true\" class=\"icon icon-down-arrow1\"><\/i><\/span>\n\t\t<\/span>\n\n\t\t\t\t\t\t<\/summary>\n\t\t\t\t<div role=\"region\" aria-labelledby=\"e-n-accordion-item-72810\" class=\"elementor-element elementor-element-553efa5 e-con-full e-flex e-con e-child\" data-id=\"553efa5\" data-element_type=\"container\">\n\t\t\t\t<div class=\"elementor-element elementor-element-7775ee6 elementor-widget elementor-widget-bae-doc-embedder\" data-id=\"7775ee6\" data-element_type=\"widget\" data-widget_type=\"bae-doc-embedder.default\">\n\t\t\t\t<div class=\"elementor-widget-container\">\n\t\t\t\t\t      <div class=\"my-doc\">\n\t\t<iframe src=\"https:\/\/docs.google.com\/viewer?url=https:\/\/bakuclimateactionweek.org\/Az\/wp-content\/uploads\/2025\/06\/Fourth-National-Communication-to-the-UNFCCC.pdf&amp;embedded=true\"  allowfullscreen>\n\t\t<\/iframe>\n\t\t<\/div>\n\t\t\t\t\t\t<\/div>\n\t\t\t\t<\/div>\n\t\t\t\t<\/div>\n\t\t\t\t\t<\/details>\n\t\t\t\t\t<\/div>\n\t\t\t\t\t\t<\/div>\n\t\t\t\t<\/div>\n\t\t\t\t<\/div>\n\t\t\t\t<\/div>\n\t\t","protected":false},"excerpt":{"rendered":"<p>Resurslar BMT-nin 2023-c\u00fc il \u00fc\u00e7\u00fcn Az\u0259rbaycan \u00fczr\u0259 illik hesabat\u0131 UNDP-nin Az\u0259rbaycan \u00fczr\u0259 2023-c\u00fc ilin yekunlar\u0131na dair hesabat\u0131 UNESCO-nun Az\u0259rbaycan \u00fczr\u0259 \u00f6lk\u0259 profili UNICEF-in Az\u0259rbaycandak\u0131 n\u00fcmay\u0259nd\u0259liyinin 2023-c\u00fc il \u00fc\u00e7\u00fcn illik hesabat\u0131 [&hellip;]<\/p>\n","protected":false},"author":1,"featured_media":0,"parent":0,"menu_order":0,"comment_status":"closed","ping_status":"closed","template":"","meta":{"footnotes":""},"class_list":["post-6062","page","type-page","status-publish","hentry"],"yoast_head":"<!-- This site is optimized with the Yoast SEO plugin v26.1.1 - https:\/\/yoast.com\/wordpress\/plugins\/seo\/ -->\n<title>Resurslar - Baku<\/title>\n<meta name=\"robots\" content=\"index, follow, max-snippet:-1, max-image-preview:large, max-video-preview:-1\" \/>\n<link rel=\"canonical\" href=\"https:\/\/bakuclimateactionweek.org\/Az\/resources\/\" \/>\n<meta property=\"og:locale\" content=\"en_US\" \/>\n<meta property=\"og:type\" content=\"article\" \/>\n<meta property=\"og:title\" content=\"Resurslar - Baku\" \/>\n<meta property=\"og:description\" content=\"Resurslar BMT-nin 2023-c\u00fc il \u00fc\u00e7\u00fcn Az\u0259rbaycan \u00fczr\u0259 illik hesabat\u0131 UNDP-nin Az\u0259rbaycan \u00fczr\u0259 2023-c\u00fc ilin yekunlar\u0131na dair hesabat\u0131 UNESCO-nun Az\u0259rbaycan \u00fczr\u0259 \u00f6lk\u0259 profili UNICEF-in Az\u0259rbaycandak\u0131 n\u00fcmay\u0259nd\u0259liyinin 2023-c\u00fc il \u00fc\u00e7\u00fcn illik hesabat\u0131 [&hellip;]\" \/>\n<meta property=\"og:url\" content=\"https:\/\/bakuclimateactionweek.org\/Az\/resources\/\" \/>\n<meta property=\"og:site_name\" content=\"Baku\" \/>\n<meta property=\"article:modified_time\" content=\"2025-08-17T17:17:47+00:00\" \/>\n<meta name=\"twitter:card\" content=\"summary_large_image\" \/>\n<meta name=\"twitter:label1\" content=\"Est. reading time\" \/>\n\t<meta name=\"twitter:data1\" content=\"1 minute\" \/>\n<script type=\"application\/ld+json\" class=\"yoast-schema-graph\">{\"@context\":\"https:\/\/schema.org\",\"@graph\":[{\"@type\":\"WebPage\",\"@id\":\"https:\/\/bakuclimateactionweek.org\/Az\/resources\/\",\"url\":\"https:\/\/bakuclimateactionweek.org\/Az\/resources\/\",\"name\":\"Resurslar - Baku\",\"isPartOf\":{\"@id\":\"https:\/\/bakuclimateactionweek.org\/Az\/#website\"},\"datePublished\":\"2025-06-03T15:47:30+00:00\",\"dateModified\":\"2025-08-17T17:17:47+00:00\",\"breadcrumb\":{\"@id\":\"https:\/\/bakuclimateactionweek.org\/Az\/resources\/#breadcrumb\"},\"inLanguage\":\"en-US\",\"potentialAction\":[{\"@type\":\"ReadAction\",\"target\":[\"https:\/\/bakuclimateactionweek.org\/Az\/resources\/\"]}]},{\"@type\":\"BreadcrumbList\",\"@id\":\"https:\/\/bakuclimateactionweek.org\/Az\/resources\/#breadcrumb\",\"itemListElement\":[{\"@type\":\"ListItem\",\"position\":1,\"name\":\"Home\",\"item\":\"https:\/\/bakuclimateactionweek.org\/Az\/\"},{\"@type\":\"ListItem\",\"position\":2,\"name\":\"Resurslar\"}]},{\"@type\":\"WebSite\",\"@id\":\"https:\/\/bakuclimateactionweek.org\/Az\/#website\",\"url\":\"https:\/\/bakuclimateactionweek.org\/Az\/\",\"name\":\"Baku\",\"description\":\"Baku Climate Action Week\",\"potentialAction\":[{\"@type\":\"SearchAction\",\"target\":{\"@type\":\"EntryPoint\",\"urlTemplate\":\"https:\/\/bakuclimateactionweek.org\/Az\/?s={search_term_string}\"},\"query-input\":{\"@type\":\"PropertyValueSpecification\",\"valueRequired\":true,\"valueName\":\"search_term_string\"}}],\"inLanguage\":\"en-US\"}]}<\/script>\n<!-- \/ Yoast SEO plugin. -->","yoast_head_json":{"title":"Resurslar - Baku","robots":{"index":"index","follow":"follow","max-snippet":"max-snippet:-1","max-image-preview":"max-image-preview:large","max-video-preview":"max-video-preview:-1"},"canonical":"https:\/\/bakuclimateactionweek.org\/Az\/resources\/","og_locale":"en_US","og_type":"article","og_title":"Resurslar - Baku","og_description":"Resurslar BMT-nin 2023-c\u00fc il \u00fc\u00e7\u00fcn Az\u0259rbaycan \u00fczr\u0259 illik hesabat\u0131 UNDP-nin Az\u0259rbaycan \u00fczr\u0259 2023-c\u00fc ilin yekunlar\u0131na dair hesabat\u0131 UNESCO-nun Az\u0259rbaycan \u00fczr\u0259 \u00f6lk\u0259 profili UNICEF-in Az\u0259rbaycandak\u0131 n\u00fcmay\u0259nd\u0259liyinin 2023-c\u00fc il \u00fc\u00e7\u00fcn illik hesabat\u0131 [&hellip;]","og_url":"https:\/\/bakuclimateactionweek.org\/Az\/resources\/","og_site_name":"Baku","article_modified_time":"2025-08-17T17:17:47+00:00","twitter_card":"summary_large_image","twitter_misc":{"Est. reading time":"1 minute"},"schema":{"@context":"https:\/\/schema.org","@graph":[{"@type":"WebPage","@id":"https:\/\/bakuclimateactionweek.org\/Az\/resources\/","url":"https:\/\/bakuclimateactionweek.org\/Az\/resources\/","name":"Resurslar - Baku","isPartOf":{"@id":"https:\/\/bakuclimateactionweek.org\/Az\/#website"},"datePublished":"2025-06-03T15:47:30+00:00","dateModified":"2025-08-17T17:17:47+00:00","breadcrumb":{"@id":"https:\/\/bakuclimateactionweek.org\/Az\/resources\/#breadcrumb"},"inLanguage":"en-US","potentialAction":[{"@type":"ReadAction","target":["https:\/\/bakuclimateactionweek.org\/Az\/resources\/"]}]},{"@type":"BreadcrumbList","@id":"https:\/\/bakuclimateactionweek.org\/Az\/resources\/#breadcrumb","itemListElement":[{"@type":"ListItem","position":1,"name":"Home","item":"https:\/\/bakuclimateactionweek.org\/Az\/"},{"@type":"ListItem","position":2,"name":"Resurslar"}]},{"@type":"WebSite","@id":"https:\/\/bakuclimateactionweek.org\/Az\/#website","url":"https:\/\/bakuclimateactionweek.org\/Az\/","name":"Baku","description":"Baku Climate Action Week","potentialAction":[{"@type":"SearchAction","target":{"@type":"EntryPoint","urlTemplate":"https:\/\/bakuclimateactionweek.org\/Az\/?s={search_term_string}"},"query-input":{"@type":"PropertyValueSpecification","valueRequired":true,"valueName":"search_term_string"}}],"inLanguage":"en-US"}]}},"_links":{"self":[{"href":"https:\/\/bakuclimateactionweek.org\/Az\/wp-json\/wp\/v2\/pages\/6062","targetHints":{"allow":["GET"]}}],"collection":[{"href":"https:\/\/bakuclimateactionweek.org\/Az\/wp-json\/wp\/v2\/pages"}],"about":[{"href":"https:\/\/bakuclimateactionweek.org\/Az\/wp-json\/wp\/v2\/types\/page"}],"author":[{"embeddable":true,"href":"https:\/\/bakuclimateactionweek.org\/Az\/wp-json\/wp\/v2\/users\/1"}],"replies":[{"embeddable":true,"href":"https:\/\/bakuclimateactionweek.org\/Az\/wp-json\/wp\/v2\/comments?post=6062"}],"version-history":[{"count":18,"href":"https:\/\/bakuclimateactionweek.org\/Az\/wp-json\/wp\/v2\/pages\/6062\/revisions"}],"predecessor-version":[{"id":7524,"href":"https:\/\/bakuclimateactionweek.org\/Az\/wp-json\/wp\/v2\/pages\/6062\/revisions\/7524"}],"wp:attachment":[{"href":"https:\/\/bakuclimateactionweek.org\/Az\/wp-json\/wp\/v2\/media?parent=6062"}],"curies":[{"name":"wp","href":"https:\/\/api.w.org\/{rel}","templated":true}]}}