{"id":7555,"date":"2025-09-02T14:08:37","date_gmt":"2025-09-02T19:08:37","guid":{"rendered":"https:\/\/bakuclimateactionweek.org\/Az\/?page_id=7555"},"modified":"2025-09-15T01:52:17","modified_gmt":"2025-09-15T06:52:17","slug":"t%c9%99r%c9%99fdaslar","status":"publish","type":"page","link":"https:\/\/bakuclimateactionweek.org\/Az\/t%c9%99r%c9%99fdaslar\/","title":{"rendered":"T\u0259r\u0259fda\u015flar"},"content":{"rendered":"\t\t<div data-elementor-type=\"wp-page\" data-elementor-id=\"7555\" class=\"elementor elementor-7555\" data-elementor-post-type=\"page\">\n\t\t\t\t<div class=\"elementor-element elementor-element-a8de277 e-con-full MaxH e-flex e-con e-parent\" data-id=\"a8de277\" data-element_type=\"container\" data-settings=\"{&quot;background_background&quot;:&quot;classic&quot;}\">\n\t\t\t\t<div class=\"elementor-element elementor-element-9eba69c MaxH elementor-widget elementor-widget-heading\" data-id=\"9eba69c\" data-element_type=\"widget\" data-widget_type=\"heading.default\">\n\t\t\t\t<div class=\"elementor-widget-container\">\n\t\t\t\t\t<h2 class=\"elementor-heading-title elementor-size-default\">2025-ci ilin T\u0259r\u0259fda\u015flar\u0131<br>v\u0259 Sponsorlar\u0131<\/h2>\t\t\t\t<\/div>\n\t\t\t\t<\/div>\n\t\t\t\t<\/div>\n\t\t<div class=\"elementor-element elementor-element-95c42c8 e-flex e-con-boxed e-con e-parent\" data-id=\"95c42c8\" data-element_type=\"container\">\n\t\t\t\t\t<div class=\"e-con-inner\">\n\t\t<div class=\"elementor-element elementor-element-d628aa8 e-con-full e-flex e-con e-child\" data-id=\"d628aa8\" data-element_type=\"container\">\n\t\t\t\t<div class=\"elementor-element elementor-element-573e707 elementor-widget elementor-widget-heading\" data-id=\"573e707\" data-element_type=\"widget\" data-widget_type=\"heading.default\">\n\t\t\t\t<div class=\"elementor-widget-container\">\n\t\t\t\t\t<h2 class=\"elementor-heading-title elementor-size-default\">Sponsorlar\u0131m\u0131z v\u0259 t\u0259r\u0259fda\u015flar\u0131m\u0131zla birlikd\u0259<br> i\u015fl\u0259y\u0259r\u0259k \u0130qlim F\u0259aliyy\u0259tini s\u00fcr\u0259tl\u0259ndiririk<\/h2>\t\t\t\t<\/div>\n\t\t\t\t<\/div>\n\t\t\t\t<\/div>\n\t\t\t\t\t<\/div>\n\t\t\t\t<\/div>\n\t\t<div class=\"elementor-element elementor-element-5e428b2 e-flex e-con-boxed e-con e-parent\" data-id=\"5e428b2\" data-element_type=\"container\">\n\t\t\t\t\t<div class=\"e-con-inner\">\n\t\t<div class=\"elementor-element elementor-element-79cfe0e e-con-full e-flex e-con e-child\" data-id=\"79cfe0e\" data-element_type=\"container\">\n\t\t\t\t<\/div>\n\t\t<div class=\"elementor-element elementor-element-4c1ac4d e-con-full e-flex e-con e-child\" data-id=\"4c1ac4d\" data-element_type=\"container\">\n\t\t\t\t<div class=\"elementor-element elementor-element-581c374 elementor-widget elementor-widget-text-editor\" data-id=\"581c374\" data-element_type=\"widget\" data-widget_type=\"text-editor.default\">\n\t\t\t\t<div class=\"elementor-widget-container\">\n\t\t\t\t\t\t\t\t\t<p>Bak\u0131 \u0130qlim F\u0259aliyy\u0259ti H\u0259ft\u0259si (BCAW 2025) \u015firk\u0259t v\u0259 t\u0259\u015fkilatlara dayan\u0131ql\u0131l\u0131\u011fa sadiqlikl\u0259rini n\u00fcmayi\u015f<br \/>etdirm\u0259k v\u0259 \u0259h\u0259miyy\u0259tli iqlim t\u0259dbirl\u0259rin\u0259 t\u0259kan verm\u0259k \u00fc\u00e7\u00fcn unikal bir platforma t\u0259qdim edir.<br \/>Maraqlanan t\u0259r\u0259fda\u015f v\u0259 sponsorlar\u0131 iqlim \u00fczr\u0259 t\u0259sirli h\u0259ll\u0259rin formala\u015fd\u0131r\u0131lmas\u0131nda biziml\u0259 birg\u0259 i\u015ftirak<br \/>etm\u0259y\u0259 d\u0259v\u0259t edirik.<\/p>\t\t\t\t\t\t\t\t<\/div>\n\t\t\t\t<\/div>\n\t\t\t\t<\/div>\n\t\t<div class=\"elementor-element elementor-element-0f97b67 e-con-full e-flex e-con e-child\" data-id=\"0f97b67\" data-element_type=\"container\">\n\t\t\t\t<\/div>\n\t\t\t\t\t<\/div>\n\t\t\t\t<\/div>\n\t\t<div class=\"elementor-element elementor-element-ac6bafc e-flex e-con-boxed e-con e-parent\" data-id=\"ac6bafc\" data-element_type=\"container\" data-settings=\"{&quot;background_background&quot;:&quot;classic&quot;}\">\n\t\t\t\t\t<div class=\"e-con-inner\">\n\t\t\t\t<div class=\"elementor-element elementor-element-52a71e1 elementor-widget elementor-widget-text-editor\" data-id=\"52a71e1\" data-element_type=\"widget\" data-widget_type=\"text-editor.default\">\n\t\t\t\t<div class=\"elementor-widget-container\">\n\t\t\t\t\t\t\t\t\t<p style=\"text-align: center;\">\u018fm\u0259kda\u015fl\u0131q imkanlar\u0131 haqq\u0131nda daha \u0259trafl\u0131 m\u0259lumat \u0259ld\u0259 etm\u0259k \u00fc\u00e7\u00fcn biziml\u0259 \u0259laq\u0259 saxlay\u0131n:<\/p>\t\t\t\t\t\t\t\t<\/div>\n\t\t\t\t<\/div>\n\t\t\t\t<div class=\"elementor-element elementor-element-68e52e1 elementor-widget elementor-widget-text-editor\" data-id=\"68e52e1\" data-element_type=\"widget\" data-widget_type=\"text-editor.default\">\n\t\t\t\t<div class=\"elementor-widget-container\">\n\t\t\t\t\t\t\t\t\t<p style=\"text-align: center;\"><a href=\"mailto:partnership@bakuclimateactionweek.org\"><img decoding=\"async\" class=\"wp-image-8052 alignnone\" style=\"padding-top: 10px;\" src=\"https:\/\/bakuclimateactionweek.org\/wp-content\/uploads\/2025\/08\/arrow-e1756229513822.png\" alt=\"\" width=\"41\" height=\"17\" \/><\/a> partnership@bakuclimateactionweek.org<\/p>\t\t\t\t\t\t\t\t<\/div>\n\t\t\t\t<\/div>\n\t\t\t\t<div class=\"elementor-element elementor-element-3e5e29f elementor-widget elementor-widget-spacer\" data-id=\"3e5e29f\" data-element_type=\"widget\" data-widget_type=\"spacer.default\">\n\t\t\t\t<div class=\"elementor-widget-container\">\n\t\t\t\t\t\t\t<div class=\"elementor-spacer\">\n\t\t\t<div class=\"elementor-spacer-inner\"><\/div>\n\t\t<\/div>\n\t\t\t\t\t\t<\/div>\n\t\t\t\t<\/div>\n\t\t\t\t\t<\/div>\n\t\t\t\t<\/div>\n\t\t<div class=\"elementor-element elementor-element-c7a0198 e-flex e-con-boxed e-con e-parent\" data-id=\"c7a0198\" data-element_type=\"container\">\n\t\t\t\t\t<div class=\"e-con-inner\">\n\t\t<div class=\"elementor-element elementor-element-4765cbb e-con-full e-flex e-con e-child\" data-id=\"4765cbb\" data-element_type=\"container\">\n\t\t\t\t<div class=\"elementor-element elementor-element-29525c3 elementor-widget elementor-widget-image\" data-id=\"29525c3\" data-element_type=\"widget\" data-widget_type=\"image.default\">\n\t\t\t\t<div class=\"elementor-widget-container\">\n\t\t\t\t\t\t\t\t\t\t\t\t\t\t\t<img fetchpriority=\"high\" decoding=\"async\" width=\"400\" height=\"400\" src=\"https:\/\/bakuclimateactionweek.org\/Az\/wp-content\/uploads\/2025\/09\/NGIC_logo-2.jpg\" class=\"attachment-full size-full wp-image-7661\" alt=\"\" srcset=\"https:\/\/bakuclimateactionweek.org\/Az\/wp-content\/uploads\/2025\/09\/NGIC_logo-2.jpg 400w, https:\/\/bakuclimateactionweek.org\/Az\/wp-content\/uploads\/2025\/09\/NGIC_logo-2-300x300.jpg 300w, https:\/\/bakuclimateactionweek.org\/Az\/wp-content\/uploads\/2025\/09\/NGIC_logo-2-150x150.jpg 150w\" sizes=\"(max-width: 400px) 100vw, 400px\" \/>\t\t\t\t\t\t\t\t\t\t\t\t\t\t\t<\/div>\n\t\t\t\t<\/div>\n\t\t\t\t<\/div>\n\t\t<div class=\"elementor-element elementor-element-75bd85e e-con-full e-flex e-con e-child\" data-id=\"75bd85e\" data-element_type=\"container\">\n\t\t\t\t<div class=\"elementor-element elementor-element-1fbccec elementor-widget elementor-widget-image\" data-id=\"1fbccec\" data-element_type=\"widget\" data-widget_type=\"image.default\">\n\t\t\t\t<div class=\"elementor-widget-container\">\n\t\t\t\t\t\t\t\t\t\t\t\t\t\t\t<img decoding=\"async\" width=\"400\" height=\"400\" src=\"https:\/\/bakuclimateactionweek.org\/Az\/wp-content\/uploads\/2025\/09\/LCAW_logo.jpg\" class=\"attachment-large size-large wp-image-7662\" alt=\"\" srcset=\"https:\/\/bakuclimateactionweek.org\/Az\/wp-content\/uploads\/2025\/09\/LCAW_logo.jpg 400w, https:\/\/bakuclimateactionweek.org\/Az\/wp-content\/uploads\/2025\/09\/LCAW_logo-300x300.jpg 300w, https:\/\/bakuclimateactionweek.org\/Az\/wp-content\/uploads\/2025\/09\/LCAW_logo-150x150.jpg 150w\" sizes=\"(max-width: 400px) 100vw, 400px\" \/>\t\t\t\t\t\t\t\t\t\t\t\t\t\t\t<\/div>\n\t\t\t\t<\/div>\n\t\t\t\t<\/div>\n\t\t<div class=\"elementor-element elementor-element-a12d432 e-con-full e-flex e-con e-child\" data-id=\"a12d432\" data-element_type=\"container\">\n\t\t\t\t<div class=\"elementor-element elementor-element-ce2c2c9 elementor-widget elementor-widget-image\" data-id=\"ce2c2c9\" data-element_type=\"widget\" data-widget_type=\"image.default\">\n\t\t\t\t<div class=\"elementor-widget-container\">\n\t\t\t\t\t\t\t\t\t\t\t\t\t\t\t<img loading=\"lazy\" decoding=\"async\" width=\"400\" height=\"400\" src=\"https:\/\/bakuclimateactionweek.org\/Az\/wp-content\/uploads\/2025\/09\/Rcaw_logo.jpg\" class=\"attachment-full size-full wp-image-7663\" alt=\"\" srcset=\"https:\/\/bakuclimateactionweek.org\/Az\/wp-content\/uploads\/2025\/09\/Rcaw_logo.jpg 400w, https:\/\/bakuclimateactionweek.org\/Az\/wp-content\/uploads\/2025\/09\/Rcaw_logo-300x300.jpg 300w, https:\/\/bakuclimateactionweek.org\/Az\/wp-content\/uploads\/2025\/09\/Rcaw_logo-150x150.jpg 150w\" sizes=\"(max-width: 400px) 100vw, 400px\" \/>\t\t\t\t\t\t\t\t\t\t\t\t\t\t\t<\/div>\n\t\t\t\t<\/div>\n\t\t\t\t<\/div>\n\t\t<div class=\"elementor-element elementor-element-c534ac2 e-con-full e-flex e-con e-child\" data-id=\"c534ac2\" data-element_type=\"container\">\n\t\t\t\t<div class=\"elementor-element elementor-element-31544a4 elementor-widget elementor-widget-image\" data-id=\"31544a4\" data-element_type=\"widget\" data-widget_type=\"image.default\">\n\t\t\t\t<div class=\"elementor-widget-container\">\n\t\t\t\t\t\t\t\t\t\t\t\t\t\t\t<img loading=\"lazy\" decoding=\"async\" width=\"400\" height=\"400\" src=\"https:\/\/bakuclimateactionweek.org\/Az\/wp-content\/uploads\/2025\/09\/PNI_logo.jpg\" class=\"attachment-full size-full wp-image-7664\" alt=\"\" srcset=\"https:\/\/bakuclimateactionweek.org\/Az\/wp-content\/uploads\/2025\/09\/PNI_logo.jpg 400w, https:\/\/bakuclimateactionweek.org\/Az\/wp-content\/uploads\/2025\/09\/PNI_logo-300x300.jpg 300w, https:\/\/bakuclimateactionweek.org\/Az\/wp-content\/uploads\/2025\/09\/PNI_logo-150x150.jpg 150w\" sizes=\"(max-width: 400px) 100vw, 400px\" \/>\t\t\t\t\t\t\t\t\t\t\t\t\t\t\t<\/div>\n\t\t\t\t<\/div>\n\t\t\t\t<\/div>\n\t\t<div class=\"elementor-element elementor-element-36bd12c e-con-full e-flex e-con e-child\" data-id=\"36bd12c\" data-element_type=\"container\">\n\t\t\t\t<div class=\"elementor-element elementor-element-25a9af6 elementor-widget elementor-widget-image\" data-id=\"25a9af6\" data-element_type=\"widget\" data-widget_type=\"image.default\">\n\t\t\t\t<div class=\"elementor-widget-container\">\n\t\t\t\t\t\t\t\t\t\t\t\t\t\t\t<img loading=\"lazy\" decoding=\"async\" width=\"600\" height=\"155\" src=\"https:\/\/bakuclimateactionweek.org\/Az\/wp-content\/uploads\/2025\/09\/LOGONAMYO_sm.jpg\" class=\"attachment-full size-full wp-image-7615\" alt=\"\" srcset=\"https:\/\/bakuclimateactionweek.org\/Az\/wp-content\/uploads\/2025\/09\/LOGONAMYO_sm.jpg 600w, https:\/\/bakuclimateactionweek.org\/Az\/wp-content\/uploads\/2025\/09\/LOGONAMYO_sm-300x78.jpg 300w\" sizes=\"(max-width: 600px) 100vw, 600px\" \/>\t\t\t\t\t\t\t\t\t\t\t\t\t\t\t<\/div>\n\t\t\t\t<\/div>\n\t\t\t\t<\/div>\n\t\t<div class=\"elementor-element elementor-element-500f87d e-con-full e-flex e-con e-child\" data-id=\"500f87d\" data-element_type=\"container\">\n\t\t\t\t<div class=\"elementor-element elementor-element-10990bf elementor-widget elementor-widget-image\" data-id=\"10990bf\" data-element_type=\"widget\" data-widget_type=\"image.default\">\n\t\t\t\t<div class=\"elementor-widget-container\">\n\t\t\t\t\t\t\t\t\t\t\t\t\t\t\t<img loading=\"lazy\" decoding=\"async\" width=\"599\" height=\"158\" src=\"https:\/\/bakuclimateactionweek.org\/Az\/wp-content\/uploads\/2025\/09\/RIIB-Logo-AZ_ENG-1_sm.jpg\" class=\"attachment-full size-full wp-image-7616\" alt=\"\" srcset=\"https:\/\/bakuclimateactionweek.org\/Az\/wp-content\/uploads\/2025\/09\/RIIB-Logo-AZ_ENG-1_sm.jpg 599w, https:\/\/bakuclimateactionweek.org\/Az\/wp-content\/uploads\/2025\/09\/RIIB-Logo-AZ_ENG-1_sm-300x79.jpg 300w\" sizes=\"(max-width: 599px) 100vw, 599px\" \/>\t\t\t\t\t\t\t\t\t\t\t\t\t\t\t<\/div>\n\t\t\t\t<\/div>\n\t\t\t\t<\/div>\n\t\t<div class=\"elementor-element elementor-element-8eb64d5 e-con-full e-flex e-con e-child\" data-id=\"8eb64d5\" data-element_type=\"container\">\n\t\t\t\t<div class=\"elementor-element elementor-element-04b4d31 elementor-widget elementor-widget-image\" data-id=\"04b4d31\" data-element_type=\"widget\" data-widget_type=\"image.default\">\n\t\t\t\t<div class=\"elementor-widget-container\">\n\t\t\t\t\t\t\t\t\t\t\t\t\t\t\t<img loading=\"lazy\" decoding=\"async\" width=\"600\" height=\"191\" src=\"https:\/\/bakuclimateactionweek.org\/Az\/wp-content\/uploads\/2025\/09\/SocarGreen_sm-2.jpg\" class=\"attachment-full size-full wp-image-7627\" alt=\"\" srcset=\"https:\/\/bakuclimateactionweek.org\/Az\/wp-content\/uploads\/2025\/09\/SocarGreen_sm-2.jpg 600w, https:\/\/bakuclimateactionweek.org\/Az\/wp-content\/uploads\/2025\/09\/SocarGreen_sm-2-300x96.jpg 300w\" sizes=\"(max-width: 600px) 100vw, 600px\" \/>\t\t\t\t\t\t\t\t\t\t\t\t\t\t\t<\/div>\n\t\t\t\t<\/div>\n\t\t\t\t<\/div>\n\t\t<div class=\"elementor-element elementor-element-2841e46 e-con-full e-flex e-con e-child\" data-id=\"2841e46\" data-element_type=\"container\">\n\t\t\t\t<div class=\"elementor-element elementor-element-643e3a9 elementor-widget elementor-widget-image\" data-id=\"643e3a9\" data-element_type=\"widget\" data-widget_type=\"image.default\">\n\t\t\t\t<div class=\"elementor-widget-container\">\n\t\t\t\t\t\t\t\t\t\t\t\t\t\t\t<img loading=\"lazy\" decoding=\"async\" width=\"600\" height=\"234\" src=\"https:\/\/bakuclimateactionweek.org\/Az\/wp-content\/uploads\/2025\/09\/RotasLogo_sm.jpg\" class=\"attachment-full size-full wp-image-7655\" alt=\"\" srcset=\"https:\/\/bakuclimateactionweek.org\/Az\/wp-content\/uploads\/2025\/09\/RotasLogo_sm.jpg 600w, https:\/\/bakuclimateactionweek.org\/Az\/wp-content\/uploads\/2025\/09\/RotasLogo_sm-300x117.jpg 300w\" sizes=\"(max-width: 600px) 100vw, 600px\" \/>\t\t\t\t\t\t\t\t\t\t\t\t\t\t\t<\/div>\n\t\t\t\t<\/div>\n\t\t\t\t<\/div>\n\t\t<div class=\"elementor-element elementor-element-2e7c9bd e-con-full e-flex e-con e-child\" data-id=\"2e7c9bd\" data-element_type=\"container\">\n\t\t\t\t<div class=\"elementor-element elementor-element-d34ee37 elementor-widget elementor-widget-image\" data-id=\"d34ee37\" data-element_type=\"widget\" data-widget_type=\"image.default\">\n\t\t\t\t<div class=\"elementor-widget-container\">\n\t\t\t\t\t\t\t\t\t\t\t\t\t\t\t<img loading=\"lazy\" decoding=\"async\" width=\"400\" height=\"400\" src=\"https:\/\/bakuclimateactionweek.org\/Az\/wp-content\/uploads\/2025\/09\/ShoppingAZ_logo_sm.jpg\" class=\"attachment-full size-full wp-image-7669\" alt=\"\" srcset=\"https:\/\/bakuclimateactionweek.org\/Az\/wp-content\/uploads\/2025\/09\/ShoppingAZ_logo_sm.jpg 400w, https:\/\/bakuclimateactionweek.org\/Az\/wp-content\/uploads\/2025\/09\/ShoppingAZ_logo_sm-300x300.jpg 300w, https:\/\/bakuclimateactionweek.org\/Az\/wp-content\/uploads\/2025\/09\/ShoppingAZ_logo_sm-150x150.jpg 150w\" sizes=\"(max-width: 400px) 100vw, 400px\" \/>\t\t\t\t\t\t\t\t\t\t\t\t\t\t\t<\/div>\n\t\t\t\t<\/div>\n\t\t\t\t<\/div>\n\t\t\t\t\t<\/div>\n\t\t\t\t<\/div>\n\t\t\t\t<\/div>\n\t\t","protected":false},"excerpt":{"rendered":"<p>2025-ci ilin T\u0259r\u0259fda\u015flar\u0131v\u0259 Sponsorlar\u0131 Sponsorlar\u0131m\u0131z v\u0259 t\u0259r\u0259fda\u015flar\u0131m\u0131zla birlikd\u0259 i\u015fl\u0259y\u0259r\u0259k \u0130qlim F\u0259aliyy\u0259tini s\u00fcr\u0259tl\u0259ndiririk Bak\u0131 \u0130qlim F\u0259aliyy\u0259ti H\u0259ft\u0259si (BCAW 2025) \u015firk\u0259t v\u0259 t\u0259\u015fkilatlara dayan\u0131ql\u0131l\u0131\u011fa sadiqlikl\u0259rini n\u00fcmayi\u015fetdirm\u0259k v\u0259 \u0259h\u0259miyy\u0259tli iqlim t\u0259dbirl\u0259rin\u0259 t\u0259kan verm\u0259k [&hellip;]<\/p>\n","protected":false},"author":1,"featured_media":0,"parent":0,"menu_order":0,"comment_status":"closed","ping_status":"closed","template":"","meta":{"footnotes":""},"class_list":["post-7555","page","type-page","status-publish","hentry"],"yoast_head":"<!-- This site is optimized with the Yoast SEO plugin v26.1.1 - https:\/\/yoast.com\/wordpress\/plugins\/seo\/ -->\n<title>T\u0259r\u0259fda\u015flar - Baku<\/title>\n<meta name=\"robots\" content=\"index, follow, max-snippet:-1, max-image-preview:large, max-video-preview:-1\" \/>\n<link rel=\"canonical\" href=\"https:\/\/bakuclimateactionweek.org\/Az\/t\u0259r\u0259fdaslar\/\" \/>\n<meta property=\"og:locale\" content=\"en_US\" \/>\n<meta property=\"og:type\" content=\"article\" \/>\n<meta property=\"og:title\" content=\"T\u0259r\u0259fda\u015flar - Baku\" \/>\n<meta property=\"og:description\" content=\"2025-ci ilin T\u0259r\u0259fda\u015flar\u0131v\u0259 Sponsorlar\u0131 Sponsorlar\u0131m\u0131z v\u0259 t\u0259r\u0259fda\u015flar\u0131m\u0131zla birlikd\u0259 i\u015fl\u0259y\u0259r\u0259k \u0130qlim F\u0259aliyy\u0259tini s\u00fcr\u0259tl\u0259ndiririk Bak\u0131 \u0130qlim F\u0259aliyy\u0259ti H\u0259ft\u0259si (BCAW 2025) \u015firk\u0259t v\u0259 t\u0259\u015fkilatlara dayan\u0131ql\u0131l\u0131\u011fa sadiqlikl\u0259rini n\u00fcmayi\u015fetdirm\u0259k v\u0259 \u0259h\u0259miyy\u0259tli iqlim t\u0259dbirl\u0259rin\u0259 t\u0259kan verm\u0259k [&hellip;]\" \/>\n<meta property=\"og:url\" content=\"https:\/\/bakuclimateactionweek.org\/Az\/t\u0259r\u0259fdaslar\/\" \/>\n<meta property=\"og:site_name\" content=\"Baku\" \/>\n<meta property=\"article:modified_time\" content=\"2025-09-15T06:52:17+00:00\" \/>\n<meta name=\"twitter:card\" content=\"summary_large_image\" \/>\n<meta name=\"twitter:label1\" content=\"Est. reading time\" \/>\n\t<meta name=\"twitter:data1\" content=\"1 minute\" \/>\n<script type=\"application\/ld+json\" class=\"yoast-schema-graph\">{\"@context\":\"https:\/\/schema.org\",\"@graph\":[{\"@type\":\"WebPage\",\"@id\":\"https:\/\/bakuclimateactionweek.org\/Az\/t%c9%99r%c9%99fdaslar\/\",\"url\":\"https:\/\/bakuclimateactionweek.org\/Az\/t%c9%99r%c9%99fdaslar\/\",\"name\":\"T\u0259r\u0259fda\u015flar - Baku\",\"isPartOf\":{\"@id\":\"https:\/\/bakuclimateactionweek.org\/Az\/#website\"},\"primaryImageOfPage\":{\"@id\":\"https:\/\/bakuclimateactionweek.org\/Az\/t%c9%99r%c9%99fdaslar\/#primaryimage\"},\"image\":{\"@id\":\"https:\/\/bakuclimateactionweek.org\/Az\/t%c9%99r%c9%99fdaslar\/#primaryimage\"},\"thumbnailUrl\":\"https:\/\/bakuclimateactionweek.org\/wp-content\/uploads\/2025\/08\/arrow-e1756229513822.png\",\"datePublished\":\"2025-09-02T19:08:37+00:00\",\"dateModified\":\"2025-09-15T06:52:17+00:00\",\"breadcrumb\":{\"@id\":\"https:\/\/bakuclimateactionweek.org\/Az\/t%c9%99r%c9%99fdaslar\/#breadcrumb\"},\"inLanguage\":\"en-US\",\"potentialAction\":[{\"@type\":\"ReadAction\",\"target\":[\"https:\/\/bakuclimateactionweek.org\/Az\/t%c9%99r%c9%99fdaslar\/\"]}]},{\"@type\":\"ImageObject\",\"inLanguage\":\"en-US\",\"@id\":\"https:\/\/bakuclimateactionweek.org\/Az\/t%c9%99r%c9%99fdaslar\/#primaryimage\",\"url\":\"https:\/\/bakuclimateactionweek.org\/wp-content\/uploads\/2025\/08\/arrow-e1756229513822.png\",\"contentUrl\":\"https:\/\/bakuclimateactionweek.org\/wp-content\/uploads\/2025\/08\/arrow-e1756229513822.png\"},{\"@type\":\"BreadcrumbList\",\"@id\":\"https:\/\/bakuclimateactionweek.org\/Az\/t%c9%99r%c9%99fdaslar\/#breadcrumb\",\"itemListElement\":[{\"@type\":\"ListItem\",\"position\":1,\"name\":\"Home\",\"item\":\"https:\/\/bakuclimateactionweek.org\/Az\/\"},{\"@type\":\"ListItem\",\"position\":2,\"name\":\"T\u0259r\u0259fda\u015flar\"}]},{\"@type\":\"WebSite\",\"@id\":\"https:\/\/bakuclimateactionweek.org\/Az\/#website\",\"url\":\"https:\/\/bakuclimateactionweek.org\/Az\/\",\"name\":\"Baku\",\"description\":\"Baku Climate Action Week\",\"potentialAction\":[{\"@type\":\"SearchAction\",\"target\":{\"@type\":\"EntryPoint\",\"urlTemplate\":\"https:\/\/bakuclimateactionweek.org\/Az\/?s={search_term_string}\"},\"query-input\":{\"@type\":\"PropertyValueSpecification\",\"valueRequired\":true,\"valueName\":\"search_term_string\"}}],\"inLanguage\":\"en-US\"}]}<\/script>\n<!-- \/ Yoast SEO plugin. -->","yoast_head_json":{"title":"T\u0259r\u0259fda\u015flar - Baku","robots":{"index":"index","follow":"follow","max-snippet":"max-snippet:-1","max-image-preview":"max-image-preview:large","max-video-preview":"max-video-preview:-1"},"canonical":"https:\/\/bakuclimateactionweek.org\/Az\/t\u0259r\u0259fdaslar\/","og_locale":"en_US","og_type":"article","og_title":"T\u0259r\u0259fda\u015flar - Baku","og_description":"2025-ci ilin T\u0259r\u0259fda\u015flar\u0131v\u0259 Sponsorlar\u0131 Sponsorlar\u0131m\u0131z v\u0259 t\u0259r\u0259fda\u015flar\u0131m\u0131zla birlikd\u0259 i\u015fl\u0259y\u0259r\u0259k \u0130qlim F\u0259aliyy\u0259tini s\u00fcr\u0259tl\u0259ndiririk Bak\u0131 \u0130qlim F\u0259aliyy\u0259ti H\u0259ft\u0259si (BCAW 2025) \u015firk\u0259t v\u0259 t\u0259\u015fkilatlara dayan\u0131ql\u0131l\u0131\u011fa sadiqlikl\u0259rini n\u00fcmayi\u015fetdirm\u0259k v\u0259 \u0259h\u0259miyy\u0259tli iqlim t\u0259dbirl\u0259rin\u0259 t\u0259kan verm\u0259k [&hellip;]","og_url":"https:\/\/bakuclimateactionweek.org\/Az\/t\u0259r\u0259fdaslar\/","og_site_name":"Baku","article_modified_time":"2025-09-15T06:52:17+00:00","twitter_card":"summary_large_image","twitter_misc":{"Est. reading time":"1 minute"},"schema":{"@context":"https:\/\/schema.org","@graph":[{"@type":"WebPage","@id":"https:\/\/bakuclimateactionweek.org\/Az\/t%c9%99r%c9%99fdaslar\/","url":"https:\/\/bakuclimateactionweek.org\/Az\/t%c9%99r%c9%99fdaslar\/","name":"T\u0259r\u0259fda\u015flar - Baku","isPartOf":{"@id":"https:\/\/bakuclimateactionweek.org\/Az\/#website"},"primaryImageOfPage":{"@id":"https:\/\/bakuclimateactionweek.org\/Az\/t%c9%99r%c9%99fdaslar\/#primaryimage"},"image":{"@id":"https:\/\/bakuclimateactionweek.org\/Az\/t%c9%99r%c9%99fdaslar\/#primaryimage"},"thumbnailUrl":"https:\/\/bakuclimateactionweek.org\/wp-content\/uploads\/2025\/08\/arrow-e1756229513822.png","datePublished":"2025-09-02T19:08:37+00:00","dateModified":"2025-09-15T06:52:17+00:00","breadcrumb":{"@id":"https:\/\/bakuclimateactionweek.org\/Az\/t%c9%99r%c9%99fdaslar\/#breadcrumb"},"inLanguage":"en-US","potentialAction":[{"@type":"ReadAction","target":["https:\/\/bakuclimateactionweek.org\/Az\/t%c9%99r%c9%99fdaslar\/"]}]},{"@type":"ImageObject","inLanguage":"en-US","@id":"https:\/\/bakuclimateactionweek.org\/Az\/t%c9%99r%c9%99fdaslar\/#primaryimage","url":"https:\/\/bakuclimateactionweek.org\/wp-content\/uploads\/2025\/08\/arrow-e1756229513822.png","contentUrl":"https:\/\/bakuclimateactionweek.org\/wp-content\/uploads\/2025\/08\/arrow-e1756229513822.png"},{"@type":"BreadcrumbList","@id":"https:\/\/bakuclimateactionweek.org\/Az\/t%c9%99r%c9%99fdaslar\/#breadcrumb","itemListElement":[{"@type":"ListItem","position":1,"name":"Home","item":"https:\/\/bakuclimateactionweek.org\/Az\/"},{"@type":"ListItem","position":2,"name":"T\u0259r\u0259fda\u015flar"}]},{"@type":"WebSite","@id":"https:\/\/bakuclimateactionweek.org\/Az\/#website","url":"https:\/\/bakuclimateactionweek.org\/Az\/","name":"Baku","description":"Baku Climate Action Week","potentialAction":[{"@type":"SearchAction","target":{"@type":"EntryPoint","urlTemplate":"https:\/\/bakuclimateactionweek.org\/Az\/?s={search_term_string}"},"query-input":{"@type":"PropertyValueSpecification","valueRequired":true,"valueName":"search_term_string"}}],"inLanguage":"en-US"}]}},"_links":{"self":[{"href":"https:\/\/bakuclimateactionweek.org\/Az\/wp-json\/wp\/v2\/pages\/7555","targetHints":{"allow":["GET"]}}],"collection":[{"href":"https:\/\/bakuclimateactionweek.org\/Az\/wp-json\/wp\/v2\/pages"}],"about":[{"href":"https:\/\/bakuclimateactionweek.org\/Az\/wp-json\/wp\/v2\/types\/page"}],"author":[{"embeddable":true,"href":"https:\/\/bakuclimateactionweek.org\/Az\/wp-json\/wp\/v2\/users\/1"}],"replies":[{"embeddable":true,"href":"https:\/\/bakuclimateactionweek.org\/Az\/wp-json\/wp\/v2\/comments?post=7555"}],"version-history":[{"count":22,"href":"https:\/\/bakuclimateactionweek.org\/Az\/wp-json\/wp\/v2\/pages\/7555\/revisions"}],"predecessor-version":[{"id":7672,"href":"https:\/\/bakuclimateactionweek.org\/Az\/wp-json\/wp\/v2\/pages\/7555\/revisions\/7672"}],"wp:attachment":[{"href":"https:\/\/bakuclimateactionweek.org\/Az\/wp-json\/wp\/v2\/media?parent=7555"}],"curies":[{"name":"wp","href":"https:\/\/api.w.org\/{rel}","templated":true}]}}